{"id":2287,"date":"2022-08-04T02:01:37","date_gmt":"2022-08-04T02:01:37","guid":{"rendered":"https:\/\/sobieskivodka.com\/nuestra-historia\/"},"modified":"2024-01-05T23:24:15","modified_gmt":"2024-01-05T23:24:15","slug":"nuestra-historia","status":"publish","type":"page","link":"https:\/\/sobieskivodka.com\/es\/nuestra-historia\/","title":{"rendered":"Nuestra Historia"},"content":{"rendered":"<div class=\"wpb-content-wrapper\">[vc_section el_class=\u00bbhome-section-slider-revolution\u00bb][vc_row full_width=\u00bbstretch_row_content_no_spaces\u00bb][vc_column]\n\t\t\t<!-- START Slider 1 REVOLUTION SLIDER 6.7.41 --><p class=\"rs-p-wp-fix\"><\/p>\n\t\t\t<rs-module-wrap id=\"rev_slider_1_1_wrapper\" data-source=\"gallery\" style=\"visibility:hidden;background:transparent;padding:0;margin:0px auto;margin-top:0;margin-bottom:0;\">\n\t\t\t\t<rs-module id=\"rev_slider_1_1\" style=\"\" data-version=\"6.7.41\">\n\t\t\t\t\t<rs-slides style=\"overflow: hidden; position: absolute;\">\n\t\t\t\t\t\t<rs-slide style=\"position: absolute;\" data-key=\"rs-1\" data-title=\"Slide\" data-anim=\"adpr:false;\" data-in=\"o:0;\" data-out=\"a:false;\">\n\t\t\t\t\t\t\t<img decoding=\"async\" src=\"\/\/sobieskivodka.com\/wp-content\/plugins\/revslider\/sr6\/assets\/assets\/dummy.png\" alt=\"Slide\" title=\"Nuestra Historia\" class=\"rev-slidebg tp-rs-img rs-lazyload\" data-lazyload=\"\/\/sobieskivodka.com\/wp-content\/plugins\/revslider\/sr6\/assets\/assets\/transparent.png\" data-no-retina>\n<!--\n\t\t\t\t\t\t\t--><rs-layer\n\t\t\t\t\t\t\t\tid=\"slider-1-slide-1-layer-2\" \n\t\t\t\t\t\t\t\tclass=\"rs-nolc rs-layer-video intrinsic-ignore\"\n\t\t\t\t\t\t\t\tdata-type=\"video\"\n\t\t\t\t\t\t\t\tdata-rsp_ch=\"on\"\n\t\t\t\t\t\t\t\tdata-xy=\"y:50px;\"\n\t\t\t\t\t\t\t\tdata-text=\"w:normal;\"\n\t\t\t\t\t\t\t\tdata-dim=\"w:100%;h:1080px;\"\n\t\t\t\t\t\t\t\tdata-basealign=\"slide\"\n\t\t\t\t\t\t\t\tdata-video=\"vfc:true;ap:false;vd:100;scop:t;l:false;ptimer:false;npom:t;vc:t;inl:f;\"\n\t\t\t\t\t\t\t\tdata-poster=\"\/\/sobieskivodka.com\/wp-content\/uploads\/2022\/04\/postervideo.png\"\n\t\t\t\t\t\t\t\tdata-mp4=\"\/\/sobieskivodka.com\/wp-content\/uploads\/2022\/04\/Video-sobieski.mp4\"\n\t\t\t\t\t\t\t\tdata-frame_999=\"o:0;st:w;\"\n\t\t\t\t\t\t\t\tstyle=\"z-index:5;.tp-video-play-button{ background:rgba(0,0,0,0);\"\n\t\t\t\t\t\t\t>\n\t\t\t\t\t\t\t<\/rs-layer><!--\n-->\t\t\t\t\t<\/rs-slide>\n\t\t\t\t\t<\/rs-slides>\n\t\t\t\t<\/rs-module>\n\t\t\t\t<script>\n\t\t\t\t\tsetREVStartSize({c: 'rev_slider_1_1',rl:[1240,1024,778,480],el:[900],gw:[1240],gh:[900],type:'standard',justify:'',layout:'fullwidth',mh:\"0\"});if (window.RS_MODULES!==undefined && window.RS_MODULES.modules!==undefined && window.RS_MODULES.modules[\"revslider11\"]!==undefined) {window.RS_MODULES.modules[\"revslider11\"].once = false;window.revapi1 = undefined;if (window.RS_MODULES.checkMinimal!==undefined) window.RS_MODULES.checkMinimal()}\n\t\t\t\t<\/script>\n\t\t\t<\/rs-module-wrap>\n\t\t\t<!-- END REVOLUTION SLIDER -->\n[\/vc_column][\/vc_row][\/vc_section][vc_section el_class=\u00bbsection-1-our-history\u00bb][vc_row content_placement=\u00bbmiddle\u00bb][vc_column width=\u00bb1\/2&#8243;][vc_single_image image=\u00bb370&#8243; img_size=\u00bbfull\u00bb][\/vc_column][vc_column width=\u00bb1\/2&#8243; el_class=\u00bbsection-1-our-history-text\u00bb][vc_column_text el_class=\u00bbtitle-section title-black\u00bb]\r\n<h2 style=\"text-align: left;\">El rey polaco.<\/h2>\r\n[\/vc_column_text][vc_column_text el_class=\u00bbtitle-section title-red\u00bb]\r\n<h2 style=\"text-align: left;\">sobieski.<\/h2>\r\n[\/vc_column_text][vc_column_text el_class=\u00bbparagraph paragraph-black\u00bb css=\u00bb.vc_custom_1658222188897{margin-bottom: 25px !important;}\u00bb]El vodka SOBIESKI<span style=\"vertical-align: middle;\">\u00ae<\/span> rinde homenaje al rey Jan III Sobieski, el rey m\u00e1s famoso de Polonia.\r\n\r\nJan III Sobieski (1629-1696) fue uno de los m\u00e1s grandes reyes de Polonia, reconocido como comandante, pero tambi\u00e9n como un caballero curioso y culto.[\/vc_column_text][vc_column_text el_class=\u00bbtitle-section\u00bb css=\u00bb.vc_custom_1658222346049{margin-bottom: 25px !important;}\u00bb]\r\n<h3><strong>LA JUVENTUD DE SOBIESKI<\/strong><\/h3>\r\n[\/vc_column_text][vc_column_text el_class=\u00bbparagraph paragraph-black\u00bb css=\u00bb.vc_custom_1658742654050{margin-bottom: 25px !important;}\u00bb]Jan Sobieski proced\u00eda de una familia noble polaca y ten\u00eda una <span class=\"our-history-text-red\">gran educaci\u00f3n<\/span>. <span class=\"our-history-text-red\">Estudi\u00f3 filosof\u00eda<\/span> en la Universidad de Cracovia y, despu\u00e9s de graduarse, <span class=\"our-history-text-red\">viaj\u00f3 por toda Europa<\/span> con su hermano Marek Sobieski. Visitaron Alemania, B\u00e9lgica, Francia y Gran Breta\u00f1a. Durante ese viaje, Jan Sobieski conoci\u00f3 a reyes famosos como Luis II de Borb\u00f3n o Carlos II de Inglaterra. <span class=\"our-history-text-red\">Aprendi\u00f3 alem\u00e1n, franc\u00e9s, italiano y lat\u00edn.<\/span> Tambi\u00e9n era aficionado al arte, la m\u00fasica y la literatura.[\/vc_column_text][vc_column_text el_class=\u00bbtitle-section\u00bb css=\u00bb.vc_custom_1658222919052{margin-bottom: 25px !important;}\u00bb]\r\n<h3><strong>UN COMANDANTE FEROZ<\/strong><\/h3>\r\n[\/vc_column_text][vc_column_text el_class=\u00bbparagraph paragraph-black\u00bb css=\u00bb.vc_custom_1658413562399{margin-bottom: 25px !important;}\u00bb]De regreso a Polonia, en 1648, Jan Sobieski se ofreci\u00f3 como voluntario para el ej\u00e9rcito polaco, siguiendo los pasos de su padre, que era \u00abgrand-hetman\u00bb (gran comandante) y diputado. Jan Sobieski <strong>luch\u00f3 en muchas batallas<\/strong> durante el levantamiento de Khmelnytsky, una importante guerra cosaca-polaca que tuvo lugar dentro de la Mancomunidad Polaco-Lituana de 1648 a 1657.\r\n\r\nEl ascenso a la fama de Jan Sobieski hab\u00eda comenzado. Se convirti\u00f3 en \u00abhetman\u00bb del ej\u00e9rcito polaco en 1666.\r\n\r\nEn 1668, derrot\u00f3 al ej\u00e9rcito rebelde y regres\u00f3 victorioso a Varsovia. Por ello, fue nombrado \u00ab<strong>gran Hetman\u00bb del ej\u00e9rcito polaco, los H\u00fasares<\/strong>[\/vc_column_text][\/vc_column][\/vc_row][\/vc_section][vc_section el_class=\u00bbsection-2-a-lion-history\u00bb][vc_row content_placement=\u00bbmiddle\u00bb][vc_column width=\u00bb1\/2&#8243; el_class=\u00bbaside-text-a-lion-history\u00bb][vc_column_text el_class=\u00bbtitle-section title-black\u00bb]\r\n<h2 style=\"text-align: left;\">Un <span style=\"color: #b71923 !important;\">Amante<\/span> Apasionado<\/h2>\r\n[\/vc_column_text][vc_column_text el_class=\u00bbparagraph paragraph-black\u00bb css=\u00bb.vc_custom_1658413603705{margin-bottom: 25px !important;}\u00bb]Durante uno de sus muchos viajes, conoci\u00f3 a Marie-Casimire de la Grange d&#8217;Arquien (1641-1716), tambi\u00e9n llamada <em>Marysie\u0144ka<\/em> en polaco. Marie-Casimire era una ambiciosa dama de la nobleza francesa de la corte de Luis XIV, rey de Francia. Durante su juventud, fue compa\u00f1era de la reina polaca Mar\u00eda Luisa Gonzaga-Nunca. Jan Sobieski y Marie-Casimire se enamoraron perdidamente y se casaron en 1665, poco despu\u00e9s de que ella enviara a Jan Sobiepan Zamoysk. Se dice que Jan III Sobieski y Marie-Casimire tuvieron hasta catorce o quince hijos. S\u00f3lo cuatro de ellos sobrevivieron.[\/vc_column_text][vc_column_text el_class=\u00bbparagraph paragraph-black\u00bb css=\u00bb.vc_custom_1658223021670{margin-bottom: 25px !important;}\u00bb]Marie-Casimire fue <strong>fundamental para el ascenso de Sobieski al trono polaco<\/strong>.[\/vc_column_text][vc_column_text el_class=\u00bbparagraph paragraph-black\u00bb css=\u00bb.vc_custom_1658413628279{margin-bottom: 25px !important;}\u00bb]Despu\u00e9s del rey polaco Juan Casimiro (1609-1672), que perdi\u00f3 a su esposa y muchas batallas, renunci\u00f3 al trono, Marie-Casimire plane\u00f3 ayudar a Jan Sobieski a ser elegido como nuevo rey de Polonia. Volvi\u00f3 a Francia y se esforz\u00f3 por conseguir el apoyo del rey Luis XIV. Sin embargo, es el rey Miguel (1669-1673) quien fue designado esa vez.\r\n\r\nSin embargo, el apoyo franc\u00e9s fue crucial para ayudar a Jan Sobieski a convertirse en rey de Polonia.[\/vc_column_text][vc_column_text el_class=\u00bbparagraph paragraph-black\u00bb css=\u00bb.vc_custom_1658223043190{margin-bottom: 25px !important;}\u00bb]Tras la muerte del rey Miguel en 1674, Jan Sobieski fue <strong>nombrado<\/strong> nuevo R<strong>ey de Polonia.<\/strong>[\/vc_column_text][vc_column_text el_class=\u00bbparagraph paragraph-black\u00bb css=\u00bb.vc_custom_1658413674822{margin-bottom: 25px !important;}\u00bb]Mientras estaban separados, Jan Sobieski y Marie-Casimire se escrib\u00edan largas y apasionadas cartas de amor. Esto ocurri\u00f3 durante casi veinte a\u00f1os (de 1665 a 1683), ya que Marie-Casimire apoyaba las campa\u00f1as militares de Jan Sobieski desde el extranjero.[\/vc_column_text][vc_column_text el_class=\u00bbparagraph paragraph-black\u00bb css=\u00bb.vc_custom_1658223065011{margin-bottom: 25px !important;}\u00bb]Tras la muerte del rey Jan III Sobieski en 1696, Marie-Casimire regres\u00f3 a Francia y no volvi\u00f3 a casarse.[\/vc_column_text][\/vc_column][vc_column width=\u00bb1\/2&#8243;][vc_single_image image=\u00bb1808&#8243; img_size=\u00bbfull\u00bb alignment=\u00bbright\u00bb][\/vc_column][\/vc_row][\/vc_section][vc_section el_class=\u00bbsection-1-our-history\u00bb][vc_row content_placement=\u00bbmiddle\u00bb][vc_column width=\u00bb1\/2&#8243;][vc_single_image image=\u00bb391&#8243; img_size=\u00bbfull\u00bb][\/vc_column][vc_column width=\u00bb1\/2&#8243; el_class=\u00bbsection-1-our-history-text\u00bb][vc_column_text el_class=\u00bbtitle-section title-black\u00bb]\r\n<h2 style=\"text-align: left;\"><span style=\"color: #b71923 !important;\">h\u00e9roe<\/span> polaco.<\/h2>\r\n[\/vc_column_text][vc_column_text el_class=\u00bbparagraph paragraph-black\u00bb css=\u00bb.vc_custom_1658413708095{margin-bottom: 25px !important;}\u00bb]Jan Sobieski gan\u00f3 muchas batallas a mediados del siglo XX, especialmente contra los intentos del ej\u00e9rcito turco de invadir Europa. A lo largo de su vida, luch\u00f3 con \u00e9xito por la libertad de su pa\u00eds contra el Imperio Otomano. Era un gran amante de la libertad.\r\n\r\nBajo el gobierno del rey turco Kara Mustaf\u00e1, el ej\u00e9rcito turco, que segu\u00eda intentando conquistar Europa, invadi\u00f3 Austria en 1683. El rey Jan III Sobieski condujo un ej\u00e9rcito de 76.000 hombres a Viena; sin embargo, <strong>el ej\u00e9rcito turco era el doble de grande<\/strong>: \u00a1143.000 soldados!\r\n\r\n<strong>Jan III Sobieski fue un l\u00edder comprometido y \u00e1gil<\/strong>. Con la caballer\u00eda de sus h\u00fasares y junto a los ej\u00e9rcitos alem\u00e1n y austriaco, rompieron la defensa turca y <strong>derrotaron al rey Kara Mustaf\u00e1<\/strong> en una carga masiva.\r\n\r\nComo luch\u00f3 valientemente durante las batallas, los turcos apodaron a Jan III Sobieski \u00ab<strong>El Le\u00f3n de <em>Lechist\u00e1n<\/em><\/strong>\u00ab, que en turco significa <strong>el<\/strong> <strong>Le\u00f3n de Polonia<\/strong>.\r\n\r\n<strong>EL LE\u00d3N DE LECHIST\u00c1N. EL LE\u00d3N DE POLONIA<\/strong><strong>.<\/strong>[\/vc_column_text][\/vc_column][\/vc_row][\/vc_section][vc_section el_class=\u00bbtributes-to-jan-III-sobieski\u00bb][vc_row][vc_column][vc_column_text]\r\n<h2 style=\"text-align: center;\">\u00bfLo sab\u00edas?<\/h2>\r\n[\/vc_column_text][vc_single_image image=\u00bb1818&#8243; img_size=\u00bbfull\u00bb alignment=\u00bbcenter\u00bb][vc_column_text]\r\n<p class=\"p1\" style=\"text-align: right;\"><span class=\"s1\">La constelaci\u00f3n de Sobieski fue nombrada as\u00ed en 1690 en homenaje a Jan III Sobieski por el astr\u00f3nomo polaco Johannes Hevelius<\/span><\/p>\r\n[\/vc_column_text][vc_single_image image=\u00bb1822&#8243; img_size=\u00bbfull\u00bb alignment=\u00bbcenter\u00bb][vc_column_text]\r\n<p class=\"p1\" style=\"text-align: right;\"><span class=\"s1\">El rey polaco Jan III Sobieski -que dio nombre al vodka SOBIESKI\u00ae- tiene una sala con su nombre en la Ciudad del Vaticano, Italia: <i>Sala Sobieski<\/i>.<\/span><\/p>\r\n[\/vc_column_text][\/vc_column][\/vc_row][\/vc_section][vc_section el_class=\u00bbsection-3-a-king-history\u00bb][vc_row content_placement=\u00bbmiddle\u00bb][vc_column width=\u00bb1\/2&#8243; el_class=\u00bbsection-a-king-history-text\u00bb][vc_column_text el_class=\u00bbtitle-section title-black\u00bb]\r\n<h2 style=\"text-align: left;\">LA HISTORIA DE UN REY.<\/h2>\r\n[\/vc_column_text][vc_column_text el_class=\u00bbtitle-section title-red\u00bb]\r\n<h2 style=\"text-align: left;\">GRABADA EN UNA BOTELLA IC\u00d3NICA.<\/h2>\r\n[\/vc_column_text][vc_column_text el_class=\u00bbparagraph paragraph-black\u00bb css=\u00bb.vc_custom_1658223314166{margin-bottom: 25px !important;}\u00bb]La botella del vodka SOBIESKI\u00ae se distingue de las dem\u00e1s por el dise\u00f1o \u00fanico de la botella que cuenta la historia de Jan III Sobieski, la historia de un verdadero h\u00e9roe polaco.[\/vc_column_text][vc_column_text el_class=\u00bbparagraph paragraph-black\u00bb css=\u00bb.vc_custom_1658223338274{margin-bottom: 25px !important;}\u00bb]\u00a1Echa un vistazo para descubrir su viaje![\/vc_column_text][\/vc_column][vc_column width=\u00bb1\/2&#8243;][vc_raw_html]PHZpZGVvIGF1dG9wbGF5PSIiIG11dGVkPSIiIGxvb3A9IiIgY2xhc3M9InZpZGVvLWtpbmctaGlzdG9yeSIgc3R5bGU9Im9iamVjdC1maXQ6IGNvdmVyOyI+CiAgPHNvdXJjZSBzcmM9Imh0dHBzOi8vc29iaWVza2l2b2RrYS5jb20vd3AtY29udGVudC91cGxvYWRzLzIwMjIvMDQvQm91dGVpbGxlLVNvYmllc2tpLVN5bm9wdGlxdWUubXA0IiB0eXBlPSJ2aWRlby9tcDQiPgpUdSBuYXZlZ2Fkb3Igbm8gc29wb3J0YSBsYSBldGlxdWV0YSBkZSB2w61kZW8uCjwvc291cmNlPjwvdmlkZW8+Cg==[\/vc_raw_html][\/vc_column][\/vc_row][\/vc_section][vc_section disable_element=\u00bbyes\u00bb el_class=\u00bbmax-container-custom section-non-eget-habitant\u00bb][vc_row][vc_column][vc_column_text el_class=\u00bbtitle-section title-black\u00bb]\r\n<h2 style=\"text-align: center;\">NON EGET <span style=\"color: #b71923;\">HABITANT.<\/span><\/h2>\r\n[\/vc_column_text][vc_column_text]\r\n<p style=\"text-align: center;\">El vodka Sobieski se elabora con centeno puro. En primer lugar, el centeno se limpia con agua pura y se tritura. Entonces comienza el proceso de fermentaci\u00f3n, mientras que el almid\u00f3n de centeno se transforma en az\u00facar y luego en alcohol. Durante esta etapa, el centeno libera todos sus aromas. El siguiente paso es la destilaci\u00f3n y la rectificaci\u00f3n. El alcohol se purifica para obtener el destilado de vodka a 96% vol. A continuaci\u00f3n, el vodka se diluye con agua hasta un 37,5% ABV o un 40% ABV y se filtra. La \u00faltima etapa es el embotellado del vodka Sobieski.<\/p>\r\n[\/vc_column_text][\/vc_column][\/vc_row][\/vc_section]<\/div>","protected":false},"excerpt":{"rendered":"[vc_section el_class=\u00bbhome-section-slider-revolution\u00bb][vc_row full_width=\u00bbstretch_row_content_no_spaces\u00bb][vc_column][\/vc_column][\/vc_row][\/vc_section][vc_section el_class=\u00bbsection-1-our-history\u00bb][vc_row content_placement=\u00bbmiddle\u00bb][vc_column width=\u00bb1\/2&#8243;][vc_single_image image=\u00bb370&#8243; img_size=\u00bbfull\u00bb][\/vc_column][vc_column width=\u00bb1\/2&#8243; el_class=\u00bbsection-1-our-history-text\u00bb][vc_column_text el_class=\u00bbtitle-section title-black\u00bb] El rey polaco. [\/vc_column_text][vc_column_text el_class=\u00bbtitle-section title-red\u00bb] sobieski. [\/vc_column_text][vc_column_text el_class=\u00bbparagraph paragraph-black\u00bb css=\u00bb.vc_custom_1658222188897{margin-bottom: 25px !important;}\u00bb]El vodka SOBIESKI\u00ae rinde homenaje al rey Jan III Sobieski, el rey m\u00e1s famoso de Polonia&#8230;.","protected":false},"author":7,"featured_media":0,"parent":0,"menu_order":0,"comment_status":"closed","ping_status":"closed","template":"","meta":{"_acf_changed":false,"footnotes":""},"class_list":["post-2287","page","type-page","status-publish","hentry"],"acf":[],"yoast_head":"<!-- This site is optimized with the Yoast SEO plugin v27.3 - https:\/\/yoast.com\/product\/yoast-seo-wordpress\/ -->\n<title>Nuestra Historia - Sobieski<\/title>\n<meta name=\"robots\" content=\"index, follow, max-snippet:-1, max-image-preview:large, max-video-preview:-1\" \/>\n<link rel=\"canonical\" href=\"https:\/\/sobieskivodka.com\/es\/nuestra-historia\/\" \/>\n<meta property=\"og:locale\" content=\"es_ES\" \/>\n<meta property=\"og:type\" content=\"article\" \/>\n<meta property=\"og:title\" content=\"Nuestra Historia - Sobieski\" \/>\n<meta property=\"og:description\" content=\"[vc_section el_class=\u00bbhome-section-slider-revolution\u00bb][vc_row full_width=\u00bbstretch_row_content_no_spaces\u00bb][vc_column][\/vc_column][\/vc_row][\/vc_section][vc_section el_class=\u00bbsection-1-our-history\u00bb][vc_row content_placement=\u00bbmiddle\u00bb][vc_column width=\u00bb1\/2&#8243;][vc_single_image image=\u00bb370&#8243; img_size=\u00bbfull\u00bb][\/vc_column][vc_column width=\u00bb1\/2&#8243; el_class=\u00bbsection-1-our-history-text\u00bb][vc_column_text el_class=\u00bbtitle-section title-black\u00bb] El rey polaco. [\/vc_column_text][vc_column_text el_class=\u00bbtitle-section title-red\u00bb] sobieski. [\/vc_column_text][vc_column_text el_class=\u00bbparagraph paragraph-black\u00bb css=\u00bb.vc_custom_1658222188897{margin-bottom: 25px !important;}\u00bb]El vodka SOBIESKI\u00ae rinde homenaje al rey Jan III Sobieski, el rey m\u00e1s famoso de Polonia....\" \/>\n<meta property=\"og:url\" content=\"https:\/\/sobieskivodka.com\/es\/nuestra-historia\/\" \/>\n<meta property=\"og:site_name\" content=\"Sobieski\" \/>\n<meta property=\"article:publisher\" content=\"https:\/\/www.facebook.com\/SobieskiVodka\" \/>\n<meta property=\"article:modified_time\" content=\"2024-01-05T23:24:15+00:00\" \/>\n<meta name=\"twitter:card\" content=\"summary_large_image\" \/>\n<meta name=\"twitter:label1\" content=\"Tiempo de lectura\" \/>\n\t<meta name=\"twitter:data1\" content=\"5 minutos\" \/>\n<script type=\"application\/ld+json\" class=\"yoast-schema-graph\">{\"@context\":\"https:\\\/\\\/schema.org\",\"@graph\":[{\"@type\":\"WebPage\",\"@id\":\"https:\\\/\\\/sobieskivodka.com\\\/es\\\/nuestra-historia\\\/\",\"url\":\"https:\\\/\\\/sobieskivodka.com\\\/es\\\/nuestra-historia\\\/\",\"name\":\"Nuestra Historia - Sobieski\",\"isPartOf\":{\"@id\":\"https:\\\/\\\/sobieskivodka.com\\\/#website\"},\"datePublished\":\"2022-08-04T02:01:37+00:00\",\"dateModified\":\"2024-01-05T23:24:15+00:00\",\"breadcrumb\":{\"@id\":\"https:\\\/\\\/sobieskivodka.com\\\/es\\\/nuestra-historia\\\/#breadcrumb\"},\"inLanguage\":\"es\",\"potentialAction\":[{\"@type\":\"ReadAction\",\"target\":[\"https:\\\/\\\/sobieskivodka.com\\\/es\\\/nuestra-historia\\\/\"]}]},{\"@type\":\"BreadcrumbList\",\"@id\":\"https:\\\/\\\/sobieskivodka.com\\\/es\\\/nuestra-historia\\\/#breadcrumb\",\"itemListElement\":[{\"@type\":\"ListItem\",\"position\":1,\"name\":\"Home\",\"item\":\"https:\\\/\\\/sobieskivodka.com\\\/es\\\/\"},{\"@type\":\"ListItem\",\"position\":2,\"name\":\"Nuestra Historia\"}]},{\"@type\":\"WebSite\",\"@id\":\"https:\\\/\\\/sobieskivodka.com\\\/#website\",\"url\":\"https:\\\/\\\/sobieskivodka.com\\\/\",\"name\":\"Sobieski\",\"description\":\"\",\"publisher\":{\"@id\":\"https:\\\/\\\/sobieskivodka.com\\\/#organization\"},\"potentialAction\":[{\"@type\":\"SearchAction\",\"target\":{\"@type\":\"EntryPoint\",\"urlTemplate\":\"https:\\\/\\\/sobieskivodka.com\\\/?s={search_term_string}\"},\"query-input\":{\"@type\":\"PropertyValueSpecification\",\"valueRequired\":true,\"valueName\":\"search_term_string\"}}],\"inLanguage\":\"es\"},{\"@type\":\"Organization\",\"@id\":\"https:\\\/\\\/sobieskivodka.com\\\/#organization\",\"name\":\"Sobieski\",\"url\":\"https:\\\/\\\/sobieskivodka.com\\\/\",\"logo\":{\"@type\":\"ImageObject\",\"inLanguage\":\"es\",\"@id\":\"https:\\\/\\\/sobieskivodka.com\\\/#\\\/schema\\\/logo\\\/image\\\/\",\"url\":\"https:\\\/\\\/sobieskivodka.com\\\/wp-content\\\/uploads\\\/2022\\\/04\\\/logo-black.svg\",\"contentUrl\":\"https:\\\/\\\/sobieskivodka.com\\\/wp-content\\\/uploads\\\/2022\\\/04\\\/logo-black.svg\",\"width\":181,\"height\":70,\"caption\":\"Sobieski\"},\"image\":{\"@id\":\"https:\\\/\\\/sobieskivodka.com\\\/#\\\/schema\\\/logo\\\/image\\\/\"},\"sameAs\":[\"https:\\\/\\\/www.facebook.com\\\/SobieskiVodka\"]}]}<\/script>\n<!-- \/ Yoast SEO plugin. -->","yoast_head_json":{"title":"Nuestra Historia - Sobieski","robots":{"index":"index","follow":"follow","max-snippet":"max-snippet:-1","max-image-preview":"max-image-preview:large","max-video-preview":"max-video-preview:-1"},"canonical":"https:\/\/sobieskivodka.com\/es\/nuestra-historia\/","og_locale":"es_ES","og_type":"article","og_title":"Nuestra Historia - Sobieski","og_description":"[vc_section el_class=\u00bbhome-section-slider-revolution\u00bb][vc_row full_width=\u00bbstretch_row_content_no_spaces\u00bb][vc_column][\/vc_column][\/vc_row][\/vc_section][vc_section el_class=\u00bbsection-1-our-history\u00bb][vc_row content_placement=\u00bbmiddle\u00bb][vc_column width=\u00bb1\/2&#8243;][vc_single_image image=\u00bb370&#8243; img_size=\u00bbfull\u00bb][\/vc_column][vc_column width=\u00bb1\/2&#8243; el_class=\u00bbsection-1-our-history-text\u00bb][vc_column_text el_class=\u00bbtitle-section title-black\u00bb] El rey polaco. [\/vc_column_text][vc_column_text el_class=\u00bbtitle-section title-red\u00bb] sobieski. [\/vc_column_text][vc_column_text el_class=\u00bbparagraph paragraph-black\u00bb css=\u00bb.vc_custom_1658222188897{margin-bottom: 25px !important;}\u00bb]El vodka SOBIESKI\u00ae rinde homenaje al rey Jan III Sobieski, el rey m\u00e1s famoso de Polonia....","og_url":"https:\/\/sobieskivodka.com\/es\/nuestra-historia\/","og_site_name":"Sobieski","article_publisher":"https:\/\/www.facebook.com\/SobieskiVodka","article_modified_time":"2024-01-05T23:24:15+00:00","twitter_card":"summary_large_image","twitter_misc":{"Tiempo de lectura":"5 minutos"},"schema":{"@context":"https:\/\/schema.org","@graph":[{"@type":"WebPage","@id":"https:\/\/sobieskivodka.com\/es\/nuestra-historia\/","url":"https:\/\/sobieskivodka.com\/es\/nuestra-historia\/","name":"Nuestra Historia - Sobieski","isPartOf":{"@id":"https:\/\/sobieskivodka.com\/#website"},"datePublished":"2022-08-04T02:01:37+00:00","dateModified":"2024-01-05T23:24:15+00:00","breadcrumb":{"@id":"https:\/\/sobieskivodka.com\/es\/nuestra-historia\/#breadcrumb"},"inLanguage":"es","potentialAction":[{"@type":"ReadAction","target":["https:\/\/sobieskivodka.com\/es\/nuestra-historia\/"]}]},{"@type":"BreadcrumbList","@id":"https:\/\/sobieskivodka.com\/es\/nuestra-historia\/#breadcrumb","itemListElement":[{"@type":"ListItem","position":1,"name":"Home","item":"https:\/\/sobieskivodka.com\/es\/"},{"@type":"ListItem","position":2,"name":"Nuestra Historia"}]},{"@type":"WebSite","@id":"https:\/\/sobieskivodka.com\/#website","url":"https:\/\/sobieskivodka.com\/","name":"Sobieski","description":"","publisher":{"@id":"https:\/\/sobieskivodka.com\/#organization"},"potentialAction":[{"@type":"SearchAction","target":{"@type":"EntryPoint","urlTemplate":"https:\/\/sobieskivodka.com\/?s={search_term_string}"},"query-input":{"@type":"PropertyValueSpecification","valueRequired":true,"valueName":"search_term_string"}}],"inLanguage":"es"},{"@type":"Organization","@id":"https:\/\/sobieskivodka.com\/#organization","name":"Sobieski","url":"https:\/\/sobieskivodka.com\/","logo":{"@type":"ImageObject","inLanguage":"es","@id":"https:\/\/sobieskivodka.com\/#\/schema\/logo\/image\/","url":"https:\/\/sobieskivodka.com\/wp-content\/uploads\/2022\/04\/logo-black.svg","contentUrl":"https:\/\/sobieskivodka.com\/wp-content\/uploads\/2022\/04\/logo-black.svg","width":181,"height":70,"caption":"Sobieski"},"image":{"@id":"https:\/\/sobieskivodka.com\/#\/schema\/logo\/image\/"},"sameAs":["https:\/\/www.facebook.com\/SobieskiVodka"]}]}},"_links":{"self":[{"href":"https:\/\/sobieskivodka.com\/es\/wp-json\/wp\/v2\/pages\/2287","targetHints":{"allow":["GET"]}}],"collection":[{"href":"https:\/\/sobieskivodka.com\/es\/wp-json\/wp\/v2\/pages"}],"about":[{"href":"https:\/\/sobieskivodka.com\/es\/wp-json\/wp\/v2\/types\/page"}],"author":[{"embeddable":true,"href":"https:\/\/sobieskivodka.com\/es\/wp-json\/wp\/v2\/users\/7"}],"replies":[{"embeddable":true,"href":"https:\/\/sobieskivodka.com\/es\/wp-json\/wp\/v2\/comments?post=2287"}],"version-history":[{"count":5,"href":"https:\/\/sobieskivodka.com\/es\/wp-json\/wp\/v2\/pages\/2287\/revisions"}],"predecessor-version":[{"id":2396,"href":"https:\/\/sobieskivodka.com\/es\/wp-json\/wp\/v2\/pages\/2287\/revisions\/2396"}],"wp:attachment":[{"href":"https:\/\/sobieskivodka.com\/es\/wp-json\/wp\/v2\/media?parent=2287"}],"curies":[{"name":"wp","href":"https:\/\/api.w.org\/{rel}","templated":true}]}}