{"id":2444,"date":"2022-08-08T11:05:04","date_gmt":"2022-08-08T11:05:04","guid":{"rendered":"https:\/\/sobieskivodka.com\/avis-juridique\/"},"modified":"2025-07-28T12:39:28","modified_gmt":"2025-07-28T12:39:28","slug":"mentions-legales","status":"publish","type":"page","link":"https:\/\/sobieskivodka.com\/fr\/mentions-legales\/","title":{"rendered":"Mentions l\u00e9gales"},"content":{"rendered":"<div class=\"wpb-content-wrapper\">[vc_section el_class=\u00a0\u00bbsection-banner-legal-notice\u00a0\u00bb css=\u00a0\u00bb.vc_custom_1651155934851{background-color: #b71923 !important;}\u00a0\u00bb][vc_row el_class=\u00a0\u00bbmax-container-custom\u00a0\u00bb][vc_column][vc_column_text el_class=\u00a0\u00bbtitle-section title-white\u00a0\u00bb]\n<h2 style=\"text-align: center;\">Mentions l\u00e9gales<\/h2>\n[\/vc_column_text][\/vc_column][\/vc_row][\/vc_section][vc_section el_class=\u00a0\u00bbsection-item-mention-legales\u00a0\u00bb][vc_row][vc_column][vc_column_text el_class=\u00a0\u00bbparagraph paragraph-black\u00a0\u00bb]\n\nVous \u00eates actuellement connect\u00e9 au site \u00ab www.sobieskivodka.com.fr \u00bb \u00e9dit\u00e9 par MARIE BRIZARD WINE &amp; SPIRITS FRANCE, soci\u00e9t\u00e9 par actions simplifi\u00e9e, immatricul\u00e9e au RCS de Cr\u00e9teil sous le n\u00b0 454 200 064, ayant son si\u00e8ge social au 10-12 avenue du G\u00e9n\u00e9ral de Gaulle \u2013 94220 CHARENTON LE PONT (France).\n\n<strong>Responsable de la publication<\/strong> : Fahd KHADRAOUI en tant que Pr\u00e9sident de MARIE BRIZARD WINE &amp; SPIRITS, elle-m\u00eame Pr\u00e9sidente de MARIE BRIZARD WINE &amp; SPIRITS FRANCE.\n\n<strong>Cr\u00e9ation et d\u00e9veloppement<\/strong>\u00a0:\u00a0<a href=\"http:\/\/4beez.agency\/\">4BEEZ<\/a>\u00a0\u2013 24 rue de Clichy \u2013 75009 PARIS (France).\n\n<strong>H\u00e9bergement<\/strong>\u00a0: SAFEBRANDS.\n\n<strong>En acc\u00e9dant \u00e0 ce site, vous acceptez les termes et conditions \u00e9nonc\u00e9s ci-dessous.<\/strong>\n\nL&rsquo;acc\u00e8s au site est soumis aux l\u00e9gislations nationales, communautaires et internationales applicables dans le pays de connexion.\n\n<strong>Vous devez avoir l&rsquo;\u00e2ge l\u00e9gal pour consommer de l&rsquo;alcool<\/strong>\u00a0dans votre pays\/\u00e9tat de r\u00e9sidence.\u00a0Si vous n&rsquo;avez pas l&rsquo;\u00e2ge l\u00e9gal pour consommer de l&rsquo;alcool dans votre pays, \u00e9tat ou territoire de r\u00e9sidence, ou si vous vous trouvez dans un pays ou un territoire o\u00f9 l&rsquo;acc\u00e8s \u00e0 ce site Web n&rsquo;est pas autoris\u00e9, veuillez quitter le site Web \u00ab\u00a0www.sobieskivodka.com.fr \u00bb.\n\n<strong>Cr\u00e9dits photos\u00a0: <\/strong>UNSPLASH, ENVATO ELEMENTS et photos internes de MARIE BRIZARD WINE &amp; SPIRITS FRANCE.\n\n<strong>Contenu du site :<\/strong>\n\nM\u00eame si les sp\u00e9cifications, fonctionnalit\u00e9s, illustrations, textes, images, documents audio et vid\u00e9o, contenus et autres informations contenus sur ce site reposent sur des informations actualis\u00e9es, MARIE BRIZARD WINE &amp; SPIRITS FRANCE prend toutes les mesures raisonnables pour s&rsquo;assurer que tous les contenus, informations et \u00e9l\u00e9ments de ce site sont corrects, MARIE BRIZARD WINE &amp; SPIRITS FRANCE ne peut pleinement garantir leur exactitude.\n\n<strong>Modification des conditions d\u2019utilisation<\/strong>\n\n<strong>\/contenu du site :<\/strong>\n\nMARIE BRIZARD WINE &amp; SPIRITS FRANCE se r\u00e9serve le droit de modifier les pr\u00e9sentes conditions d&rsquo;utilisation \u00e0 tout moment, pour quelque raison que ce soit et sans pr\u00e9avis, en actualisant cette page ; ces modifications prendront effet d\u00e8s leur mise en ligne sur le site. Nous vous invitons \u00e0 visiter r\u00e9guli\u00e8rement cette page du site, afin de prendre connaissance des conditions d&rsquo;utilisation. MARIE BRIZARD WINE &amp; SPIRITS FRANCE se r\u00e9serve le droit de modifier tout ou partie du contenu du site, \u00e0 tout moment, pour quelque raison que ce soit et sans pr\u00e9avis.\n\n<strong>Droits d&rsquo;auteur et droit de reproduction :<\/strong>\n\nL&rsquo;ensemble des contenus de ce site rel\u00e8ve de la l\u00e9gislation fran\u00e7aise et internationale sur le droit d&rsquo;auteur et la propri\u00e9t\u00e9 intellectuelle. Tous les droits de reproduction sont r\u00e9serv\u00e9s. La pr\u00e9sentation et le contenu du pr\u00e9sent site (images, documents audio et vid\u00e9o, graphismes, textes, \u00e9l\u00e9ments vid\u00e9o, informations ou images de lieux ou de personnes pr\u00e9sentes sur le site) constituent une \u0153uvre prot\u00e9g\u00e9e par le droit de la Propri\u00e9t\u00e9 Intellectuelle, dont MARIE BRIZARD WINE &amp; SPIRITS FRANCE est le d\u00e9tenteur des droits d&rsquo;auteur.\n\nSauf autorisation \u00e9crite et pr\u00e9alable de MARIE BRIZARD WINE &amp; SPIRITS FRANCE, la reproduction de tout ou partie du site, quelles qu&rsquo;en soient la forme et la destination, est formellement interdite. A d\u00e9faut d&rsquo;une telle approbation, MARIE BRIZARD WINE &amp; SPIRITS FRANCE fera valoir l&rsquo;int\u00e9gralit\u00e9 de ses droits de propri\u00e9t\u00e9 intellectuelle et\/ou industrielle conform\u00e9ment \u00e0 la l\u00e9gislation applicable. Toute utilisation non autoris\u00e9e de ces informations est interdite et pourra faire l&rsquo;objet (mais sans s&rsquo;y limiter) de poursuites judiciaires et\/ou d&rsquo;indemnisation pour r\u00e9parer tout pr\u00e9judice r\u00e9sultant de la violation de ces droits de propri\u00e9t\u00e9 intellectuelle et\/ou industrielle, droits d&rsquo;auteur ou droits relatifs au respect de confidentialit\u00e9 et publicit\u00e9.\n\n<strong>Marques et logos :<\/strong>\n\nLes marques et logos SOBIESKI sont la propri\u00e9t\u00e9 de MARIE BRIZARD WINE &amp; SPIRITS, Celle-ci, en tant que soci\u00e9t\u00e9-m\u00e8re et Pr\u00e9sidente de MARIE BRIZARD WINE &amp; SPIRITS France, a conf\u00e9r\u00e9 \u00e0 cette derni\u00e8re tous les droits d\u2019exploitation de ces marques et logos.\n\nToute reproduction et\/ou utilisation sans autorisation pr\u00e9alable de MARIE BRIZARD WINE &amp; SPIRITS peut engager la responsabilit\u00e9 de l&rsquo;utilisateur et constituer une contrefa\u00e7on passible des peines pr\u00e9vues aux articles L.335-2, L.713-2 , L.713-3 et L.716-1 du Code de la Propri\u00e9t\u00e9 Intellectuelle.\n\n<strong>Utilisation interdite\u00a0:<\/strong>\n\nToute commercialisation totale ou partielle de la pr\u00e9sentation originale du site et\/ou de son contenu, \u00e0 tout tiers et sous quelque forme que ce soit, est strictement interdite.\u00a0Il est strictement interdit de mettre \u00e0 la disposition du public des \u00e9l\u00e9ments du site (audio, vid\u00e9o, graphisme, texte) par vente, \u00e9change ou location.\u00a0La violation de ces dispositions imp\u00e9ratives expose son auteur aux peines civiles et p\u00e9nales pr\u00e9vues par la loi.\n\n<strong>Exceptions pour usage priv\u00e9 :<\/strong>\n\nConform\u00e9ment \u00e0 l&rsquo;article L.122-5 du Code de la Propri\u00e9t\u00e9 Intellectuelle, les contenus pr\u00e9sent\u00e9s sur ce site ne peuvent \u00eatre utilis\u00e9s que pour un usage priv\u00e9 et non exclusif par tout utilisateur du site.\u00a0Cela signifie que tout utilisateur a le droit de reproduire ce contenu, pour stockage sur un seul ordinateur aux fins de repr\u00e9sentation sur un seul \u00e9cran et pour reproduction, en un seul exemplaire pour sauvegarde ou pour tirage sur papier.\n\nChaque utilisateur peut r\u00e9aliser des reproductions sur papier, uniquement dans le cas de copie priv\u00e9e \u00e0 usage non collectif.\n\n<strong>\u00a0<\/strong>\n\n<strong>\u00a0<\/strong>\n\n<strong>Bases de donn\u00e9es\u00a0:<\/strong>\n\nMARIE BRIZARD WINE &amp; SPIRITS FRANCE, en tant qu&rsquo;auteur et producteur de la base de donn\u00e9es qui constitue le site, est titulaire de tous les droits relatifs \u00e0 cette base de donn\u00e9es.\n\nA ce titre, conform\u00e9ment aux articles L.342-1 et suivants. du Code de la Propri\u00e9t\u00e9 Intellectuelle, MARIE BRIZARD WINE &amp; SPIRITS FRANCE interdit l&rsquo;extraction par transfert permanent ou temporaire sur tout support, par tout moyen et sous toute forme, de tout ou partie substantielle de ce site, sauf si ces op\u00e9rations sont faites \u00e0 des fins purement priv\u00e9es ou \u00e0 des fins \u00e9ducatives.\n\n<strong>Responsabilit\u00e9s :<\/strong>\n\nMARIE BRIZARD WINE &amp; SPIRITS FRANCE ne saurait \u00eatre tenue pour responsable des dommages directs ou indirects survenus lors de la visite et\/ou de l&rsquo;utilisation du pr\u00e9sent site, ou d&rsquo;\u00e9ventuels virus transitant par ce site.\n\n<strong>Informations personnelles :<\/strong>\n\nLors de la visite du site \u00ab www.sobieskivodka.com.fr \u00bb, peuvent \u00eatre recueillis : l&rsquo;URL des liens permettant \u00e0 l&rsquo;utilisateur d&rsquo;acc\u00e9der au site, le FAI de l&rsquo;utilisateur, l&rsquo;adresse IP de l&rsquo;utilisateur.\n\nEn tout \u00e9tat de cause, MARIE BRIZARD WINE &amp; SPIRITS FRANCE ne collecte des informations personnelles relatives \u00e0 l&rsquo;utilisateur que pour le besoin de certains services propos\u00e9s par le site \u00ab www.sobieskivodka.com.fr \u00bb.\n\nL&rsquo;utilisateur fournit ces informations en toute connaissance de cause, notamment lorsqu&rsquo;il proc\u00e8de par lui-m\u00eame \u00e0 leur saisie.\u00a0Il est alors indiqu\u00e9 si l&rsquo;utilisateur du site est tenu de fournir ces informations.\n\nConform\u00e9ment aux dispositions des articles 38 et suivants\u00a0de la loi fran\u00e7aise n\u00b078-17 du 6 janvier 1978\n\n\u00ab Informatique et Libert\u00e9s \u00bb, tout utilisateur dispose d&rsquo;un droit d&rsquo;acc\u00e8s, de rectification et d&rsquo;opposition aux informations le concernant, en adressant sa demande \u00e9crite et sign\u00e9e \u00e0 MARIE BRIZARD WINE &amp; SPIRITS FRANCE, en joignant une copie d&rsquo;une pi\u00e8ce d&rsquo;identit\u00e9 avec la signature du propri\u00e9taire, et en pr\u00e9cisant l&rsquo;adresse \u00e0 laquelle la r\u00e9ponse doit \u00eatre envoy\u00e9e.\n\nAucune information personnelle appartenant \u00e0 l&rsquo;utilisateur du site \u00ab www.sobieskivodka.com.fr \u00bb n\u2019est publi\u00e9e, \u00e9chang\u00e9e, transf\u00e9r\u00e9e, c\u00e9d\u00e9e ou vendue sur un support quelconque \u00e0 des tiers \u00e0 l&rsquo;insu de l&rsquo;utilisateur.\n\nLe site n&rsquo;est pas d\u00e9clar\u00e9 \u00e0 la CNIL car il ne collecte pas d&rsquo;informations personnelles couvertes par cette obligation.\n\n<strong>Liens externes &amp; cookies :<\/strong>\n\nCe site Web peut \u00eatre li\u00e9 \u00e0 d&rsquo;autres sites Web. A ce titre, MARIE BRIZARD WINE &amp; SPIRITS FRANCE ne fournit des liens que pour des raisons de commodit\u00e9, qui ne peuvent en aucun cas \u00eatre interpr\u00e9t\u00e9s, directement ou indirectement, comme une approbation, une association, un parrainage, une approbation, une responsabilit\u00e9 ou une affiliation avec le Site auquel il est li\u00e9, ou avec tout contenu, information ou autre mat\u00e9riel qui y est contenu, sauf indication contraire.\n\nMARIE BRIZARD WINE &amp; SPIRITS FRANCE d\u00e9cline toute garantie, explicite ou implicite, concernant l&rsquo;exactitude, la l\u00e9galit\u00e9, la fiabilit\u00e9 ou la validit\u00e9 de tout contenu, information ou autre mat\u00e9riel de tout autre site Internet.\n\nEn visitant ce site, vous reconnaissez et acceptez que MARIE BRIZARD WINE &amp; SPIRITS FRANCE n&rsquo;a pas examin\u00e9 tous les sites li\u00e9s \u00e0 ce site et n&rsquo;est pas responsable du contenu des pages hors ligne ou de tout autre site li\u00e9 \u00e0 ce site.\n\nEn tant que tel, vous acc\u00e9dez aux pages hors site Web et \u00e0 tous les autres sites Web \u00e0 vos risques et p\u00e9rils.\n\nVous devez obtenir l&rsquo;autorisation pr\u00e9alable de MARIE BRIZARD WINE &amp; SPIRITS FRANCE pour relier ce Site \u00e0 votre propre site.\n\nPar ailleurs, la navigation sur le site \u00ab www.sobieskivodka.com.fr \u00bb est susceptible de provoquer l&rsquo;installation de cookies sur l&rsquo;ordinateur de l&rsquo;utilisateur.\u00a0Un cookie est un petit fichier qui ne permet pas d&rsquo;identifier l&rsquo;utilisateur mais enregistre des informations relatives \u00e0 la navigation d&rsquo;un ordinateur sur un site.\n\nLes donn\u00e9es ainsi obtenues facilitent la navigation future sur le site et sont \u00e9galement destin\u00e9es \u00e0 permettre diverses analyses de donn\u00e9es de fr\u00e9quentation.\u00a0Le refus d&rsquo;installation d&rsquo;un cookie pourrait emp\u00eacher l&rsquo;acc\u00e8s \u00e0 certains services.\n\nToutefois, l&rsquo;utilisateur peut configurer son ordinateur de la mani\u00e8re suivante afin de refuser l&rsquo;installation de cookies :\n\nSous Internet Explorer : onglet outil (pictogramme en forme de rouage en haut \u00e0 droite) \/ options Internet.\u00a0Cliquez sur Confidentialit\u00e9 et choisissez Bloquer tous les cookies.\u00a0Validez en cliquant sur OK.\n\nSous Firefox : en haut de la fen\u00eatre du navigateur, cliquez sur le bouton Firefox, puis allez dans l&rsquo;onglet Options.\u00a0Cliquez sur l&rsquo;onglet Confidentialit\u00e9.\u00a0Param\u00e9trez le param\u00e9trage des r\u00e8gles de stockage sur : utilisez les param\u00e8tres personnalis\u00e9s pour l&rsquo;historique du navigateur.\u00a0D\u00e9cochez-la enfin pour d\u00e9sactiver les cookies.\n\nSous Safari : en haut \u00e0 droite du navigateur, cliquez sur le pictogramme de menu (symbolis\u00e9 par un rouage).\u00a0S\u00e9lectionnez Param\u00e8tres.\u00a0Cliquez sur Afficher les param\u00e8tres avanc\u00e9s.\u00a0Dans la section \u00ab\u00a0Confidentialit\u00e9\u00a0\u00bb, cliquez sur Param\u00e8tres de contenu.\u00a0Dans la rubrique \u00ab Cookies \u00bb, vous pouvez bloquer les cookies.\n\nSous Chrome : en haut \u00e0 droite du navigateur, cliquez sur le pictogramme de menu (symbolis\u00e9 par trois traits horizontaux).\u00a0S\u00e9lectionnez Param\u00e8tres.\u00a0Cliquez sur Afficher les param\u00e8tres avanc\u00e9s.\u00a0Dans la section \u00ab\u00a0Confidentialit\u00e9\u00a0\u00bb, cliquez sur les pr\u00e9f\u00e9rences.\u00a0Dans l&rsquo;onglet \u00ab\u00a0Confidentialit\u00e9\u00a0\u00bb, vous pouvez bloquer les cookies.\n\n[\/vc_column_text][\/vc_column][\/vc_row][\/vc_section]<\/div>","protected":false},"excerpt":{"rendered":"[vc_section el_class=\u00a0\u00bbsection-banner-legal-notice\u00a0\u00bb css=\u00a0\u00bb.vc_custom_1651155934851{background-color: #b71923 !important;}\u00a0\u00bb][vc_row el_class=\u00a0\u00bbmax-container-custom\u00a0\u00bb][vc_column][vc_column_text el_class=\u00a0\u00bbtitle-section title-white\u00a0\u00bb] Mentions l\u00e9gales [\/vc_column_text][\/vc_column][\/vc_row][\/vc_section][vc_section el_class=\u00a0\u00bbsection-item-mention-legales\u00a0\u00bb][vc_row][vc_column][vc_column_text el_class=\u00a0\u00bbparagraph paragraph-black\u00a0\u00bb] Vous \u00eates actuellement connect\u00e9 au site \u00ab www.sobieskivodka.com.fr \u00bb \u00e9dit\u00e9 par MARIE BRIZARD WINE &amp; SPIRITS FRANCE, soci\u00e9t\u00e9 par actions simplifi\u00e9e, immatricul\u00e9e au RCS de Cr\u00e9teil&#8230;","protected":false},"author":7,"featured_media":0,"parent":0,"menu_order":0,"comment_status":"closed","ping_status":"closed","template":"","meta":{"_acf_changed":false,"footnotes":""},"class_list":["post-2444","page","type-page","status-publish","hentry"],"acf":[],"yoast_head":"<!-- This site is optimized with the Yoast SEO plugin v27.5 - https:\/\/yoast.com\/product\/yoast-seo-wordpress\/ -->\n<title>Mentions l\u00e9gales - Sobieski<\/title>\n<meta name=\"robots\" content=\"index, follow, max-snippet:-1, max-image-preview:large, max-video-preview:-1\" \/>\n<link rel=\"canonical\" href=\"https:\/\/sobieskivodka.com\/fr\/mentions-legales\/\" \/>\n<meta property=\"og:locale\" content=\"fr_FR\" \/>\n<meta property=\"og:type\" content=\"article\" \/>\n<meta property=\"og:title\" content=\"Mentions l\u00e9gales - Sobieski\" \/>\n<meta property=\"og:description\" content=\"[vc_section el_class=\u00a0\u00bbsection-banner-legal-notice\u00a0\u00bb css=\u00a0\u00bb.vc_custom_1651155934851{background-color: #b71923 !important;}\u00a0\u00bb][vc_row el_class=\u00a0\u00bbmax-container-custom\u00a0\u00bb][vc_column][vc_column_text el_class=\u00a0\u00bbtitle-section title-white\u00a0\u00bb] Mentions l\u00e9gales [\/vc_column_text][\/vc_column][\/vc_row][\/vc_section][vc_section el_class=\u00a0\u00bbsection-item-mention-legales\u00a0\u00bb][vc_row][vc_column][vc_column_text el_class=\u00a0\u00bbparagraph paragraph-black\u00a0\u00bb] Vous \u00eates actuellement connect\u00e9 au site \u00ab www.sobieskivodka.com.fr \u00bb \u00e9dit\u00e9 par MARIE BRIZARD WINE &amp; SPIRITS FRANCE, soci\u00e9t\u00e9 par actions simplifi\u00e9e, immatricul\u00e9e au RCS de Cr\u00e9teil...\" \/>\n<meta property=\"og:url\" content=\"https:\/\/sobieskivodka.com\/fr\/mentions-legales\/\" \/>\n<meta property=\"og:site_name\" content=\"Sobieski\" \/>\n<meta property=\"article:publisher\" content=\"https:\/\/www.facebook.com\/SobieskiVodka\" \/>\n<meta property=\"article:modified_time\" content=\"2025-07-28T12:39:28+00:00\" \/>\n<meta name=\"twitter:card\" content=\"summary_large_image\" \/>\n<meta name=\"twitter:label1\" content=\"Dur\u00e9e de lecture estim\u00e9e\" \/>\n\t<meta name=\"twitter:data1\" content=\"7 minutes\" \/>\n<script type=\"application\/ld+json\" class=\"yoast-schema-graph\">{\"@context\":\"https:\\\/\\\/schema.org\",\"@graph\":[{\"@type\":\"WebPage\",\"@id\":\"https:\\\/\\\/sobieskivodka.com\\\/fr\\\/mentions-legales\\\/\",\"url\":\"https:\\\/\\\/sobieskivodka.com\\\/fr\\\/mentions-legales\\\/\",\"name\":\"Mentions l\u00e9gales - Sobieski\",\"isPartOf\":{\"@id\":\"https:\\\/\\\/sobieskivodka.com\\\/#website\"},\"datePublished\":\"2022-08-08T11:05:04+00:00\",\"dateModified\":\"2025-07-28T12:39:28+00:00\",\"breadcrumb\":{\"@id\":\"https:\\\/\\\/sobieskivodka.com\\\/fr\\\/mentions-legales\\\/#breadcrumb\"},\"inLanguage\":\"fr-FR\",\"potentialAction\":[{\"@type\":\"ReadAction\",\"target\":[\"https:\\\/\\\/sobieskivodka.com\\\/fr\\\/mentions-legales\\\/\"]}]},{\"@type\":\"BreadcrumbList\",\"@id\":\"https:\\\/\\\/sobieskivodka.com\\\/fr\\\/mentions-legales\\\/#breadcrumb\",\"itemListElement\":[{\"@type\":\"ListItem\",\"position\":1,\"name\":\"Home\",\"item\":\"https:\\\/\\\/sobieskivodka.com\\\/fr\\\/\"},{\"@type\":\"ListItem\",\"position\":2,\"name\":\"Mentions l\u00e9gales\"}]},{\"@type\":\"WebSite\",\"@id\":\"https:\\\/\\\/sobieskivodka.com\\\/#website\",\"url\":\"https:\\\/\\\/sobieskivodka.com\\\/\",\"name\":\"Sobieski\",\"description\":\"\",\"publisher\":{\"@id\":\"https:\\\/\\\/sobieskivodka.com\\\/#organization\"},\"potentialAction\":[{\"@type\":\"SearchAction\",\"target\":{\"@type\":\"EntryPoint\",\"urlTemplate\":\"https:\\\/\\\/sobieskivodka.com\\\/?s={search_term_string}\"},\"query-input\":{\"@type\":\"PropertyValueSpecification\",\"valueRequired\":true,\"valueName\":\"search_term_string\"}}],\"inLanguage\":\"fr-FR\"},{\"@type\":\"Organization\",\"@id\":\"https:\\\/\\\/sobieskivodka.com\\\/#organization\",\"name\":\"Sobieski\",\"url\":\"https:\\\/\\\/sobieskivodka.com\\\/\",\"logo\":{\"@type\":\"ImageObject\",\"inLanguage\":\"fr-FR\",\"@id\":\"https:\\\/\\\/sobieskivodka.com\\\/#\\\/schema\\\/logo\\\/image\\\/\",\"url\":\"https:\\\/\\\/sobieskivodka.com\\\/wp-content\\\/uploads\\\/2022\\\/04\\\/logo-black.svg\",\"contentUrl\":\"https:\\\/\\\/sobieskivodka.com\\\/wp-content\\\/uploads\\\/2022\\\/04\\\/logo-black.svg\",\"width\":181,\"height\":70,\"caption\":\"Sobieski\"},\"image\":{\"@id\":\"https:\\\/\\\/sobieskivodka.com\\\/#\\\/schema\\\/logo\\\/image\\\/\"},\"sameAs\":[\"https:\\\/\\\/www.facebook.com\\\/SobieskiVodka\"]}]}<\/script>\n<!-- \/ Yoast SEO plugin. -->","yoast_head_json":{"title":"Mentions l\u00e9gales - Sobieski","robots":{"index":"index","follow":"follow","max-snippet":"max-snippet:-1","max-image-preview":"max-image-preview:large","max-video-preview":"max-video-preview:-1"},"canonical":"https:\/\/sobieskivodka.com\/fr\/mentions-legales\/","og_locale":"fr_FR","og_type":"article","og_title":"Mentions l\u00e9gales - Sobieski","og_description":"[vc_section el_class=\u00a0\u00bbsection-banner-legal-notice\u00a0\u00bb css=\u00a0\u00bb.vc_custom_1651155934851{background-color: #b71923 !important;}\u00a0\u00bb][vc_row el_class=\u00a0\u00bbmax-container-custom\u00a0\u00bb][vc_column][vc_column_text el_class=\u00a0\u00bbtitle-section title-white\u00a0\u00bb] Mentions l\u00e9gales [\/vc_column_text][\/vc_column][\/vc_row][\/vc_section][vc_section el_class=\u00a0\u00bbsection-item-mention-legales\u00a0\u00bb][vc_row][vc_column][vc_column_text el_class=\u00a0\u00bbparagraph paragraph-black\u00a0\u00bb] Vous \u00eates actuellement connect\u00e9 au site \u00ab www.sobieskivodka.com.fr \u00bb \u00e9dit\u00e9 par MARIE BRIZARD WINE &amp; SPIRITS FRANCE, soci\u00e9t\u00e9 par actions simplifi\u00e9e, immatricul\u00e9e au RCS de Cr\u00e9teil...","og_url":"https:\/\/sobieskivodka.com\/fr\/mentions-legales\/","og_site_name":"Sobieski","article_publisher":"https:\/\/www.facebook.com\/SobieskiVodka","article_modified_time":"2025-07-28T12:39:28+00:00","twitter_card":"summary_large_image","twitter_misc":{"Dur\u00e9e de lecture estim\u00e9e":"7 minutes"},"schema":{"@context":"https:\/\/schema.org","@graph":[{"@type":"WebPage","@id":"https:\/\/sobieskivodka.com\/fr\/mentions-legales\/","url":"https:\/\/sobieskivodka.com\/fr\/mentions-legales\/","name":"Mentions l\u00e9gales - Sobieski","isPartOf":{"@id":"https:\/\/sobieskivodka.com\/#website"},"datePublished":"2022-08-08T11:05:04+00:00","dateModified":"2025-07-28T12:39:28+00:00","breadcrumb":{"@id":"https:\/\/sobieskivodka.com\/fr\/mentions-legales\/#breadcrumb"},"inLanguage":"fr-FR","potentialAction":[{"@type":"ReadAction","target":["https:\/\/sobieskivodka.com\/fr\/mentions-legales\/"]}]},{"@type":"BreadcrumbList","@id":"https:\/\/sobieskivodka.com\/fr\/mentions-legales\/#breadcrumb","itemListElement":[{"@type":"ListItem","position":1,"name":"Home","item":"https:\/\/sobieskivodka.com\/fr\/"},{"@type":"ListItem","position":2,"name":"Mentions l\u00e9gales"}]},{"@type":"WebSite","@id":"https:\/\/sobieskivodka.com\/#website","url":"https:\/\/sobieskivodka.com\/","name":"Sobieski","description":"","publisher":{"@id":"https:\/\/sobieskivodka.com\/#organization"},"potentialAction":[{"@type":"SearchAction","target":{"@type":"EntryPoint","urlTemplate":"https:\/\/sobieskivodka.com\/?s={search_term_string}"},"query-input":{"@type":"PropertyValueSpecification","valueRequired":true,"valueName":"search_term_string"}}],"inLanguage":"fr-FR"},{"@type":"Organization","@id":"https:\/\/sobieskivodka.com\/#organization","name":"Sobieski","url":"https:\/\/sobieskivodka.com\/","logo":{"@type":"ImageObject","inLanguage":"fr-FR","@id":"https:\/\/sobieskivodka.com\/#\/schema\/logo\/image\/","url":"https:\/\/sobieskivodka.com\/wp-content\/uploads\/2022\/04\/logo-black.svg","contentUrl":"https:\/\/sobieskivodka.com\/wp-content\/uploads\/2022\/04\/logo-black.svg","width":181,"height":70,"caption":"Sobieski"},"image":{"@id":"https:\/\/sobieskivodka.com\/#\/schema\/logo\/image\/"},"sameAs":["https:\/\/www.facebook.com\/SobieskiVodka"]}]}},"_links":{"self":[{"href":"https:\/\/sobieskivodka.com\/fr\/wp-json\/wp\/v2\/pages\/2444","targetHints":{"allow":["GET"]}}],"collection":[{"href":"https:\/\/sobieskivodka.com\/fr\/wp-json\/wp\/v2\/pages"}],"about":[{"href":"https:\/\/sobieskivodka.com\/fr\/wp-json\/wp\/v2\/types\/page"}],"author":[{"embeddable":true,"href":"https:\/\/sobieskivodka.com\/fr\/wp-json\/wp\/v2\/users\/7"}],"replies":[{"embeddable":true,"href":"https:\/\/sobieskivodka.com\/fr\/wp-json\/wp\/v2\/comments?post=2444"}],"version-history":[{"count":26,"href":"https:\/\/sobieskivodka.com\/fr\/wp-json\/wp\/v2\/pages\/2444\/revisions"}],"predecessor-version":[{"id":4060,"href":"https:\/\/sobieskivodka.com\/fr\/wp-json\/wp\/v2\/pages\/2444\/revisions\/4060"}],"wp:attachment":[{"href":"https:\/\/sobieskivodka.com\/fr\/wp-json\/wp\/v2\/media?parent=2444"}],"curies":[{"name":"wp","href":"https:\/\/api.w.org\/{rel}","templated":true}]}}