{"id":364,"date":"2022-08-08T17:10:48","date_gmt":"2022-08-08T17:10:48","guid":{"rendered":"https:\/\/sobieskivodka.com\/?page_id=364"},"modified":"2023-05-09T14:07:56","modified_gmt":"2023-05-09T14:07:56","slug":"notre-histoire","status":"publish","type":"page","link":"https:\/\/sobieskivodka.com\/fr\/notre-histoire\/","title":{"rendered":"Notre Histoire"},"content":{"rendered":"<div class=\"wpb-content-wrapper\">[vc_section disable_element=\u00a0\u00bbyes\u00a0\u00bb pix_over_visibility=\u00a0\u00bb\u00a0\u00bb el_class=\u00a0\u00bbhome-section-slider-revolution\u00a0\u00bb][vc_row full_width=\u00a0\u00bbstretch_row_content_no_spaces\u00a0\u00bb pix_particles_check=\u00a0\u00bb\u00a0\u00bb][vc_column]\n\t\t\t<!-- START Slider 1 REVOLUTION SLIDER 6.7.41 --><p class=\"rs-p-wp-fix\"><\/p>\n\t\t\t<rs-module-wrap id=\"rev_slider_1_1_wrapper\" data-source=\"gallery\" style=\"visibility:hidden;background:transparent;padding:0;margin:0px auto;margin-top:0;margin-bottom:0;\">\n\t\t\t\t<rs-module id=\"rev_slider_1_1\" style=\"\" data-version=\"6.7.41\">\n\t\t\t\t\t<rs-slides style=\"overflow: hidden; position: absolute;\">\n\t\t\t\t\t\t<rs-slide style=\"position: absolute;\" data-key=\"rs-1\" data-title=\"Slide\" data-anim=\"adpr:false;\" data-in=\"o:0;\" data-out=\"a:false;\">\n\t\t\t\t\t\t\t<img decoding=\"async\" src=\"\/\/sobieskivodka.com\/wp-content\/plugins\/revslider\/sr6\/assets\/assets\/dummy.png\" alt=\"Slide\" title=\"Notre Histoire\" class=\"rev-slidebg tp-rs-img rs-lazyload\" data-lazyload=\"\/\/sobieskivodka.com\/wp-content\/plugins\/revslider\/sr6\/assets\/assets\/transparent.png\" data-no-retina>\n<!--\n\t\t\t\t\t\t\t--><rs-layer\n\t\t\t\t\t\t\t\tid=\"slider-1-slide-1-layer-2\" \n\t\t\t\t\t\t\t\tclass=\"rs-nolc rs-layer-video intrinsic-ignore\"\n\t\t\t\t\t\t\t\tdata-type=\"video\"\n\t\t\t\t\t\t\t\tdata-rsp_ch=\"on\"\n\t\t\t\t\t\t\t\tdata-xy=\"y:50px;\"\n\t\t\t\t\t\t\t\tdata-text=\"w:normal;\"\n\t\t\t\t\t\t\t\tdata-dim=\"w:100%;h:1080px;\"\n\t\t\t\t\t\t\t\tdata-basealign=\"slide\"\n\t\t\t\t\t\t\t\tdata-video=\"vfc:true;ap:false;vd:100;scop:t;l:false;ptimer:false;npom:t;vc:t;inl:f;\"\n\t\t\t\t\t\t\t\tdata-poster=\"\/\/sobieskivodka.com\/wp-content\/uploads\/2022\/04\/postervideo.png\"\n\t\t\t\t\t\t\t\tdata-mp4=\"\/\/sobieskivodka.com\/wp-content\/uploads\/2022\/04\/Video-sobieski.mp4\"\n\t\t\t\t\t\t\t\tdata-frame_999=\"o:0;st:w;\"\n\t\t\t\t\t\t\t\tstyle=\"z-index:5;.tp-video-play-button{ background:rgba(0,0,0,0);\"\n\t\t\t\t\t\t\t>\n\t\t\t\t\t\t\t<\/rs-layer><!--\n-->\t\t\t\t\t<\/rs-slide>\n\t\t\t\t\t<\/rs-slides>\n\t\t\t\t<\/rs-module>\n\t\t\t\t<script>\n\t\t\t\t\tsetREVStartSize({c: 'rev_slider_1_1',rl:[1240,1024,778,480],el:[900],gw:[1240],gh:[900],type:'standard',justify:'',layout:'fullwidth',mh:\"0\"});if (window.RS_MODULES!==undefined && window.RS_MODULES.modules!==undefined && window.RS_MODULES.modules[\"revslider11\"]!==undefined) {window.RS_MODULES.modules[\"revslider11\"].once = false;window.revapi1 = undefined;if (window.RS_MODULES.checkMinimal!==undefined) window.RS_MODULES.checkMinimal()}\n\t\t\t\t<\/script>\n\t\t\t<\/rs-module-wrap>\n\t\t\t<!-- END REVOLUTION SLIDER -->\n[\/vc_column][\/vc_row][\/vc_section][vc_section pix_over_visibility=\u00a0\u00bb\u00a0\u00bb el_class=\u00a0\u00bbsection-1-our-history\u00a0\u00bb][vc_row content_placement=\u00a0\u00bbmiddle\u00a0\u00bb pix_particles_check=\u00a0\u00bb\u00a0\u00bb][vc_column width=\u00a0\u00bb1\/2&Prime;][vc_single_image image=\u00a0\u00bb370&Prime; img_size=\u00a0\u00bbfull\u00a0\u00bb][\/vc_column][vc_column width=\u00a0\u00bb1\/2&Prime; el_class=\u00a0\u00bbsection-1-our-history-text\u00a0\u00bb][vc_column_text el_class=\u00a0\u00bbtitle-section title-black\u00a0\u00bb]\r\n<h2>Le roi polonais.<\/h2>\r\n[\/vc_column_text][vc_column_text el_class=\u00a0\u00bbtitle-section title-red\u00a0\u00bb]\r\n<h2 style=\"text-align: left\">sobieski.<\/h2>\r\n[\/vc_column_text][vc_column_text el_class=\u00a0\u00bbparagraph paragraph-black\u00a0\u00bb css=\u00a0\u00bb.vc_custom_1680783872840{margin-bottom: 25px !important;}\u00a0\u00bb]La vodka SOBIESKI<span style=\"vertical-align: middle\">\u00ae<\/span> rend hommage au roi Jan III Sobieski (1629-1696), le plus c\u00e9l\u00e8bre roi de Pologne, r\u00e9put\u00e9 comme commandant, mais aussi comme un homme curieux et instruit.[\/vc_column_text][vc_column_text el_class=\u00a0\u00bbtitle-section\u00a0\u00bb css=\u00a0\u00bb.vc_custom_1683641236191{margin-bottom: 25px !important;}\u00a0\u00bb]\r\n<h3><strong>LA JEUNESSE DE SOBIESKI<\/strong><\/h3>\r\n[\/vc_column_text][vc_column_text el_class=\u00a0\u00bbparagraph paragraph-black\u00a0\u00bb css=\u00a0\u00bb.vc_custom_1683641249849{margin-bottom: 25px !important;}\u00a0\u00bb]Jan Sobieski est issu d&rsquo;une famille polonaise noble. Tr\u00e8s instruit, il a <span class=\"our-history-text-red\">\u00e9tudi\u00e9 la philosophie<\/span> \u00e0 l&rsquo;universit\u00e9 de Cracovie ; apr\u00e8s avoir obtenu son dipl\u00f4me, il a <span class=\"our-history-text-red\">voyag\u00e9 \u00e0 travers l&rsquo;Europe<\/span> avec son fr\u00e8re Marek Sobieski. Ils ont parcouru l&rsquo;Allemagne, la Belgique, la France et la Grande-Bretagne. Au cours de ce voyage, Jan Sobieski a rencontr\u00e9 des rois c\u00e9l\u00e8bres tels que Louis II de Bourbon ou Charles II d&rsquo;Angleterre. Il apprend <span class=\"our-history-text-red\">l&rsquo;allemand, le fran\u00e7ais, l&rsquo;italien et le latin.<\/span>\r\nIl \u00e9tait aussi amateur d&rsquo;art, de musique et de litt\u00e9rature.[\/vc_column_text][vc_column_text el_class=\u00a0\u00bbtitle-section\u00a0\u00bb css=\u00a0\u00bb.vc_custom_1680784123804{margin-bottom: 25px !important;}\u00a0\u00bb]\r\n<h3><strong>UN COMMANDANT F\u00c9ROCE<\/strong><\/h3>\r\n[\/vc_column_text][vc_column_text el_class=\u00a0\u00bbparagraph paragraph-black\u00a0\u00bb css=\u00a0\u00bb.vc_custom_1681909416280{margin-bottom: 25px !important;}\u00a0\u00bb]De retour en Pologne en 1648, Jan Sobieski s&rsquo;engage comme volontaire dans l&rsquo;arm\u00e9e polonaise, suivant les traces de son p\u00e8re, \u00ab\u00a0grand-hetman\u00a0\u00bb (grand commandant). Jan Sobieski a ainsi particip\u00e9 \u00e0 nombreuses batailles, notamment lors de la r\u00e9volte de Khmelnytsky, ayant engendr\u00e9 une guerre entre cosaques et polonais, au sein du Commonwealth polono-lituanien de 1648 \u00e0 1657.\r\n\r\nL&rsquo;ascension de Jan Sobieski vers la gloire avait commenc\u00e9. Il devient \u00ab\u00a0hetman\u00a0\u00bb de l&rsquo;arm\u00e9e polonaise en 1666.\r\n\r\nEn 1668, il bat l&rsquo;arm\u00e9e rebelle et revient victorieux \u00e0 Varsovie. Il est alors nomm\u00e9 \u00ab\u00a0grand-hetman\u00a0\u00bb des Hussards polonais.[\/vc_column_text][\/vc_column][\/vc_row][\/vc_section][vc_section pix_over_visibility=\u00a0\u00bb\u00a0\u00bb el_class=\u00a0\u00bbsection-2-a-lion-history\u00a0\u00bb][vc_row content_placement=\u00a0\u00bbmiddle\u00a0\u00bb pix_particles_check=\u00a0\u00bb\u00a0\u00bb][vc_column width=\u00a0\u00bb1\/2&Prime; el_class=\u00a0\u00bbaside-text-a-lion-history\u00a0\u00bb][vc_column_text el_class=\u00a0\u00bbtitle-section title-black\u00a0\u00bb]\r\n<h2 style=\"text-align: left\">Un amoureux passionn\u00e9<\/h2>\r\n[\/vc_column_text][vc_column_text el_class=\u00a0\u00bbparagraph paragraph-black\u00a0\u00bb css=\u00a0\u00bb.vc_custom_1681909489964{margin-bottom: 25px !important;}\u00a0\u00bb]Au cours d&rsquo;un de ses nombreux voyages, il rencontre Marie-Casimire de La Grange d&rsquo;Arquien (1641-1716), aussi appel\u00e9e <em>Marysie\u0144ka<\/em> en polonais. Marie-Casimire, jeune femme ambitieuse, \u00e9tait issue de la noblesse fran\u00e7aise de la cour de Louis XIV. Durant sa jeunesse, elle fut une amie de la reine polonaise Marie-Louise Gonzague-Never.\r\nJan Sobieski et Marie-Casimire tomb\u00e8rent d\u00e9sesp\u00e9r\u00e9ment amoureux et, peu de temps apr\u00e8s le d\u00e9c\u00e8s du mari de cette-derni\u00e8re, Jan Sobiepan Zamoysk, se mari\u00e8rent en 1665. On dit que Jan III Sobieski et Marie-Casimire eurent jusqu&rsquo;\u00e0 quatorze ou quinze enfants. Seuls quatre d&rsquo;entre eux surv\u00e9curent.[\/vc_column_text][vc_column_text el_class=\u00a0\u00bbparagraph paragraph-black\u00a0\u00bb css=\u00a0\u00bb.vc_custom_1680785278817{margin-bottom: 25px !important;}\u00a0\u00bb]Marie-Casimire a <strong>jou\u00e9 un r\u00f4le essentiel dans l&rsquo;ascension de Sobieski au tr\u00f4ne de Pologne.<\/strong>[\/vc_column_text][vc_column_text el_class=\u00a0\u00bbparagraph paragraph-black\u00a0\u00bb css=\u00a0\u00bb.vc_custom_1681909519636{margin-bottom: 25px !important;}\u00a0\u00bb]Apr\u00e8s la d\u00e9mission du roi de Pologne, Jan Casimir (1609-1672) \u00e0 la suite de la perte de sa femme et de nombreuses batailles, Marie-Casimire d\u00e9cide d&rsquo;aider Jan Sobieski a \u00eatre \u00e9lu nouveau roi de Pologne. Elle retourne en France et fait tout son possible pour obtenir le soutien du roi Louis XIV. Pourtant, c&rsquo;est le roi Michel (1669-1673) qui est alors nomm\u00e9.\r\n\r\nLe soutien fran\u00e7ais se r\u00e9v\u00e9la n\u00e9anmoins crucial pour aider Jan Sobieski \u00e0 devenir roi de Pologne puisqu&rsquo;une fois le roi Michel mort en 1674, Jan III Sobieski est nomm\u00e9 roi de Pologne.[\/vc_column_text][vc_column_text el_class=\u00a0\u00bbparagraph paragraph-black\u00a0\u00bb css=\u00a0\u00bb.vc_custom_1680785921911{margin-bottom: 25px !important;}\u00a0\u00bb]Pendant leur s\u00e9paration pendant pr\u00e8s de vingt-ans (1665 \u00e0 1683), alors que Marie-Casimire soutenait depuis l&rsquo;\u00e9tranger les campagnes militaires de son mari, Jan III Sobieski et Marie-Casimire se sont \u00e9crit de longues lettres d&rsquo;amour passionn\u00e9es.[\/vc_column_text][vc_column_text el_class=\u00a0\u00bbparagraph paragraph-black\u00a0\u00bb css=\u00a0\u00bb.vc_custom_1680785965878{margin-bottom: 25px !important;}\u00a0\u00bb]Apr\u00e8s la mort du roi Jan III Sobieski en 1696, Marie-Casimire revint en France ; elle ne se remariera pas.[\/vc_column_text][\/vc_column][vc_column width=\u00a0\u00bb1\/2&Prime;][vc_single_image image=\u00a0\u00bb1808&Prime; img_size=\u00a0\u00bbfull\u00a0\u00bb alignment=\u00a0\u00bbright\u00a0\u00bb][\/vc_column][\/vc_row][\/vc_section][vc_section pix_over_visibility=\u00a0\u00bb\u00a0\u00bb el_class=\u00a0\u00bbsection-1-our-history\u00a0\u00bb][vc_row content_placement=\u00a0\u00bbmiddle\u00a0\u00bb pix_particles_check=\u00a0\u00bb\u00a0\u00bb][vc_column width=\u00a0\u00bb1\/2&Prime;][vc_single_image image=\u00a0\u00bb391&Prime; img_size=\u00a0\u00bbfull\u00a0\u00bb][\/vc_column][vc_column width=\u00a0\u00bb1\/2&Prime; el_class=\u00a0\u00bbsection-1-our-history-text\u00a0\u00bb][vc_column_text el_class=\u00a0\u00bbtitle-section title-black\u00a0\u00bb]\r\n<h2 style=\"text-align: left\">Un <span style=\"color: #b71923 !important\">h\u00e9ros<\/span> polonais.<\/h2>\r\n[\/vc_column_text][vc_column_text el_class=\u00a0\u00bbparagraph paragraph-black\u00a0\u00bb css=\u00a0\u00bb.vc_custom_1680789749266{margin-bottom: 25px !important;}\u00a0\u00bb]Jan III Sobieski a remport\u00e9 de nombreuses batailles au milieu du XVIIe si\u00e8cle, notamment contre les tentatives de l&rsquo;arm\u00e9e turque d&rsquo;envahir l&rsquo;Europe. Tout au long de sa vie, il a combattu avec succ\u00e8s pour la libert\u00e9 de son pays contre l&rsquo;Empire ottoman. C&rsquo;\u00e9tait un grand amoureux de la libert\u00e9.\r\n\r\nJan III Sobieski \u00e9tait un leader engag\u00e9 et agile. Sous le r\u00e8gne du roi turc Kara Mustapha, l&rsquo;arm\u00e9e turque, qui tentait toujours de concqu\u00e9rir l&rsquo;Europe, envahit l&rsquo;Autriche en 1683. Le roi Jan III Sobieski conduisait une arm\u00e9e de 76 000 hommes \u00e0 Vienne, alors que l&rsquo;arm\u00e9e turque \u00e9tait deux fois plus nombreuse : 143 000 soldats!\r\n\r\nAvec la cavalerie de ses hussards et aux c\u00f4t\u00e9s des arm\u00e9es allemandes et autrichiennes, ils perc\u00e8rent la d\u00e9fense turque et vainquirent le roi Mustapha dans une charge massive.\r\n\r\nEn raison de son comportement particuli\u00e8rement vaillant au cours des combats, les Turcs surnomm\u00e8rent Jan III Sobieski \u00ab\u00a0<strong>Le Lion du Lechistan<\/strong>\u00a0\u00bb qui en turc signifie le <strong>Lion de Pologne<\/strong>.\r\n\r\n<strong>LE LION DU LECHISTAN. LE LION DE POLOGNE<\/strong><strong>.<\/strong>[\/vc_column_text][\/vc_column][\/vc_row][\/vc_section][vc_section pix_over_visibility=\u00a0\u00bb\u00a0\u00bb el_class=\u00a0\u00bbtributes-to-jan-III-sobieski\u00a0\u00bb][vc_row pix_particles_check=\u00a0\u00bb\u00a0\u00bb][vc_column][vc_column_text]\r\n<h2 style=\"text-align: center\">Le saviez-vous ?<\/h2>\r\n[\/vc_column_text][vc_single_image image=\u00a0\u00bb1818&Prime; img_size=\u00a0\u00bbfull\u00a0\u00bb alignment=\u00a0\u00bbcenter\u00a0\u00bb][vc_column_text]\r\n<p class=\"p1\" style=\"text-align: right\"><span class=\"s1\">La constellation de Sobieski a \u00e9t\u00e9 nomm\u00e9e ainsi en 1690, en hommage \u00e0 Jan III Sobieski, par l&rsquo;astronome polonais Johannes Hevelius.<\/span><\/p>\r\n[\/vc_column_text][vc_single_image image=\u00a0\u00bb1822&Prime; img_size=\u00a0\u00bbfull\u00a0\u00bb alignment=\u00a0\u00bbcenter\u00a0\u00bb][vc_column_text]\r\n<p class=\"p1\" style=\"text-align: right\"><span class=\"s1\">Le roi de Pologne Jan III Sobieski &#8211; qui a donn\u00e9 son nom \u00e0 la vodka SOBIESKI\u00ae &#8211; a une salle qui porte son nom dans la Cit\u00e9 du Vatican, en Italie : \u00ab\u00a0Sala Sobieski\u00a0\u00bb. Il y a une vaste peinture du roi Jan III Sobieski repoussant l&rsquo;arm\u00e9e ottomane de Pologne et de Lituanie au milieu du 17e si\u00e8cle.<\/span><\/p>\r\n[\/vc_column_text][\/vc_column][\/vc_row][\/vc_section][vc_section pix_over_visibility=\u00a0\u00bb\u00a0\u00bb el_class=\u00a0\u00bbsection-3-a-king-history\u00a0\u00bb][vc_row content_placement=\u00a0\u00bbmiddle\u00a0\u00bb pix_particles_check=\u00a0\u00bb\u00a0\u00bb][vc_column width=\u00a0\u00bb1\/2&Prime; el_class=\u00a0\u00bbsection-a-king-history-text\u00a0\u00bb][vc_column_text el_class=\u00a0\u00bbtitle-section title-black\u00a0\u00bb]\r\n<h2 style=\"text-align: left\">L&rsquo;HISTOIRE D&rsquo;UN ROI.<\/h2>\r\n[\/vc_column_text][vc_column_text el_class=\u00a0\u00bbtitle-section title-red\u00a0\u00bb]\r\n<h2 style=\"text-align: left\">INSCRITE SUR UN FLACON ICONIQUE.<\/h2>\r\n[\/vc_column_text][vc_column_text el_class=\u00a0\u00bbparagraph paragraph-black\u00a0\u00bb css=\u00a0\u00bb.vc_custom_1681909583407{margin-bottom: 25px !important;}\u00a0\u00bb]La bouteille de vodka SOBIESKI\u00ae se d\u00e9marque de ses semblables avec un design de bouteille unique qui raconte l&rsquo;histoire de Jan III Sobieski, l&rsquo;histoire d&rsquo;un v\u00e9ritable h\u00e9ros polonais !\r\n\r\nRegardez de plus pr\u00e8s pour d\u00e9couvrir son parcours et son histoire![\/vc_column_text][\/vc_column][vc_column width=\u00a0\u00bb1\/2&Prime;][vc_raw_html]PHZpZGVvIGF1dG9wbGF5PSIiIG11dGVkPSIiIGxvb3A9IiIgY2xhc3M9InZpZGVvLWtpbmctaGlzdG9yeSIgc3R5bGU9Im9iamVjdC1maXQ6IGNvdmVyOyI+CiAgPHNvdXJjZSBzcmM9Imh0dHBzOi8vc29iaWVza2l2b2RrYS5jb20vd3AtY29udGVudC91cGxvYWRzLzIwMjIvMDQvQm91dGVpbGxlLVNvYmllc2tpLVN5bm9wdGlxdWUubXA0IiB0eXBlPSJ2aWRlby9tcDQiPgpWb3RyZSBuYXZpZ2F0ZXVyIG5lIHByZW5kIHBhcyBlbiBjaGFyZ2UgbGUgdGFnIHZpZMOpby4KPC9zb3VyY2U+PC92aWRlbz4K[\/vc_raw_html][\/vc_column][\/vc_row][\/vc_section][vc_section disable_element=\u00a0\u00bbyes\u00a0\u00bb pix_over_visibility=\u00a0\u00bb\u00a0\u00bb el_class=\u00a0\u00bbmax-container-custom section-non-eget-habitant\u00a0\u00bb][vc_row pix_particles_check=\u00a0\u00bb\u00a0\u00bb][vc_column][vc_column_text el_class=\u00a0\u00bbtitle-section title-black\u00a0\u00bb]\r\n<h2 style=\"text-align: center\">NON EGET <span style=\"color: #b71923\">HABITANT.<\/span><\/h2>\r\n[\/vc_column_text][vc_column_text]\r\n<p style=\"text-align: center\">La vodka Sobieski est fabriqu\u00e9e \u00e0 partir de seigle pur. Le seigle est d&rsquo;abord nettoy\u00e9 \u00e0 l&rsquo;eau pure, puis broy\u00e9. D\u00e9bute alors le processus de fermentation au cours duquel l&rsquo;amidon du seigle se transforme en sucre puis en alcool. Durant cette \u00e9tape, le seigle lib\u00e8re tous ses ar\u00f4mes. L&rsquo;\u00e9tape suivante est la distillation et la rectification. L&rsquo;alcool est purifi\u00e9 pour obtenir le distillat de vodka \u00e0 96% en volume. Ensuite, la vodka est dilu\u00e9e \u00e0 37,5\u00b0 ou 40\u00b0 avec de l&rsquo;eau et filtr\u00e9e. La derni\u00e8re \u00e9tape est la mise en bouteille de la vodka Sobieski.<\/p>\r\n[\/vc_column_text][\/vc_column][\/vc_row][\/vc_section]<\/div>","protected":false},"excerpt":{"rendered":"[vc_section disable_element=\u00a0\u00bbyes\u00a0\u00bb pix_over_visibility=\u00a0\u00bb\u00a0\u00bb el_class=\u00a0\u00bbhome-section-slider-revolution\u00a0\u00bb][vc_row full_width=\u00a0\u00bbstretch_row_content_no_spaces\u00a0\u00bb pix_particles_check=\u00a0\u00bb\u00a0\u00bb][vc_column][\/vc_column][\/vc_row][\/vc_section][vc_section pix_over_visibility=\u00a0\u00bb\u00a0\u00bb el_class=\u00a0\u00bbsection-1-our-history\u00a0\u00bb][vc_row content_placement=\u00a0\u00bbmiddle\u00a0\u00bb pix_particles_check=\u00a0\u00bb\u00a0\u00bb][vc_column width=\u00a0\u00bb1\/2&Prime;][vc_single_image image=\u00a0\u00bb370&Prime; img_size=\u00a0\u00bbfull\u00a0\u00bb][\/vc_column][vc_column width=\u00a0\u00bb1\/2&Prime; el_class=\u00a0\u00bbsection-1-our-history-text\u00a0\u00bb][vc_column_text el_class=\u00a0\u00bbtitle-section title-black\u00a0\u00bb] Le roi polonais. [\/vc_column_text][vc_column_text el_class=\u00a0\u00bbtitle-section title-red\u00a0\u00bb] sobieski. [\/vc_column_text][vc_column_text el_class=\u00a0\u00bbparagraph paragraph-black\u00a0\u00bb css=\u00a0\u00bb.vc_custom_1680783872840{margin-bottom: 25px !important;}\u00a0\u00bb]La vodka SOBIESKI\u00ae rend hommage au roi Jan III Sobieski (1629-1696),&#8230;","protected":false},"author":7,"featured_media":0,"parent":0,"menu_order":0,"comment_status":"closed","ping_status":"closed","template":"","meta":{"_acf_changed":false,"footnotes":""},"class_list":["post-364","page","type-page","status-publish","hentry"],"acf":[],"yoast_head":"<!-- This site is optimized with the Yoast SEO plugin v27.4 - https:\/\/yoast.com\/product\/yoast-seo-wordpress\/ -->\n<title>Notre Histoire - Sobieski<\/title>\n<meta name=\"robots\" content=\"index, follow, max-snippet:-1, max-image-preview:large, max-video-preview:-1\" \/>\n<link rel=\"canonical\" href=\"https:\/\/sobieskivodka.com\/our-history\/\" \/>\n<meta property=\"og:locale\" content=\"fr_FR\" \/>\n<meta property=\"og:type\" content=\"article\" \/>\n<meta property=\"og:title\" content=\"Notre Histoire - Sobieski\" \/>\n<meta property=\"og:description\" content=\"[vc_section disable_element=\u00a0\u00bbyes\u00a0\u00bb pix_over_visibility=\u00a0\u00bb\u00a0\u00bb el_class=\u00a0\u00bbhome-section-slider-revolution\u00a0\u00bb][vc_row full_width=\u00a0\u00bbstretch_row_content_no_spaces\u00a0\u00bb pix_particles_check=\u00a0\u00bb\u00a0\u00bb][vc_column][\/vc_column][\/vc_row][\/vc_section][vc_section pix_over_visibility=\u00a0\u00bb\u00a0\u00bb el_class=\u00a0\u00bbsection-1-our-history\u00a0\u00bb][vc_row content_placement=\u00a0\u00bbmiddle\u00a0\u00bb pix_particles_check=\u00a0\u00bb\u00a0\u00bb][vc_column width=\u00a0\u00bb1\/2&Prime;][vc_single_image image=\u00a0\u00bb370&Prime; img_size=\u00a0\u00bbfull\u00a0\u00bb][\/vc_column][vc_column width=\u00a0\u00bb1\/2&Prime; el_class=\u00a0\u00bbsection-1-our-history-text\u00a0\u00bb][vc_column_text el_class=\u00a0\u00bbtitle-section title-black\u00a0\u00bb] Le roi polonais. [\/vc_column_text][vc_column_text el_class=\u00a0\u00bbtitle-section title-red\u00a0\u00bb] sobieski. [\/vc_column_text][vc_column_text el_class=\u00a0\u00bbparagraph paragraph-black\u00a0\u00bb css=\u00a0\u00bb.vc_custom_1680783872840{margin-bottom: 25px !important;}\u00a0\u00bb]La vodka SOBIESKI\u00ae rend hommage au roi Jan III Sobieski (1629-1696),...\" \/>\n<meta property=\"og:url\" content=\"https:\/\/sobieskivodka.com\/our-history\/\" \/>\n<meta property=\"og:site_name\" content=\"Sobieski\" \/>\n<meta property=\"article:publisher\" content=\"https:\/\/www.facebook.com\/SobieskiVodka\" \/>\n<meta property=\"article:modified_time\" content=\"2023-05-09T14:07:56+00:00\" \/>\n<meta name=\"twitter:card\" content=\"summary_large_image\" \/>\n<meta name=\"twitter:label1\" content=\"Dur\u00e9e de lecture estim\u00e9e\" \/>\n\t<meta name=\"twitter:data1\" content=\"5 minutes\" \/>\n<script type=\"application\/ld+json\" class=\"yoast-schema-graph\">{\"@context\":\"https:\\\/\\\/schema.org\",\"@graph\":[{\"@type\":\"WebPage\",\"@id\":\"https:\\\/\\\/sobieskivodka.com\\\/our-history\\\/\",\"url\":\"https:\\\/\\\/sobieskivodka.com\\\/our-history\\\/\",\"name\":\"Notre Histoire - Sobieski\",\"isPartOf\":{\"@id\":\"https:\\\/\\\/sobieskivodka.com\\\/#website\"},\"datePublished\":\"2022-08-08T17:10:48+00:00\",\"dateModified\":\"2023-05-09T14:07:56+00:00\",\"breadcrumb\":{\"@id\":\"https:\\\/\\\/sobieskivodka.com\\\/our-history\\\/#breadcrumb\"},\"inLanguage\":\"fr-FR\",\"potentialAction\":[{\"@type\":\"ReadAction\",\"target\":[\"https:\\\/\\\/sobieskivodka.com\\\/our-history\\\/\"]}]},{\"@type\":\"BreadcrumbList\",\"@id\":\"https:\\\/\\\/sobieskivodka.com\\\/our-history\\\/#breadcrumb\",\"itemListElement\":[{\"@type\":\"ListItem\",\"position\":1,\"name\":\"Home\",\"item\":\"https:\\\/\\\/sobieskivodka.com\\\/fr\\\/\"},{\"@type\":\"ListItem\",\"position\":2,\"name\":\"Notre Histoire\"}]},{\"@type\":\"WebSite\",\"@id\":\"https:\\\/\\\/sobieskivodka.com\\\/#website\",\"url\":\"https:\\\/\\\/sobieskivodka.com\\\/\",\"name\":\"Sobieski\",\"description\":\"\",\"publisher\":{\"@id\":\"https:\\\/\\\/sobieskivodka.com\\\/#organization\"},\"potentialAction\":[{\"@type\":\"SearchAction\",\"target\":{\"@type\":\"EntryPoint\",\"urlTemplate\":\"https:\\\/\\\/sobieskivodka.com\\\/?s={search_term_string}\"},\"query-input\":{\"@type\":\"PropertyValueSpecification\",\"valueRequired\":true,\"valueName\":\"search_term_string\"}}],\"inLanguage\":\"fr-FR\"},{\"@type\":\"Organization\",\"@id\":\"https:\\\/\\\/sobieskivodka.com\\\/#organization\",\"name\":\"Sobieski\",\"url\":\"https:\\\/\\\/sobieskivodka.com\\\/\",\"logo\":{\"@type\":\"ImageObject\",\"inLanguage\":\"fr-FR\",\"@id\":\"https:\\\/\\\/sobieskivodka.com\\\/#\\\/schema\\\/logo\\\/image\\\/\",\"url\":\"https:\\\/\\\/sobieskivodka.com\\\/wp-content\\\/uploads\\\/2022\\\/04\\\/logo-black.svg\",\"contentUrl\":\"https:\\\/\\\/sobieskivodka.com\\\/wp-content\\\/uploads\\\/2022\\\/04\\\/logo-black.svg\",\"width\":181,\"height\":70,\"caption\":\"Sobieski\"},\"image\":{\"@id\":\"https:\\\/\\\/sobieskivodka.com\\\/#\\\/schema\\\/logo\\\/image\\\/\"},\"sameAs\":[\"https:\\\/\\\/www.facebook.com\\\/SobieskiVodka\"]}]}<\/script>\n<!-- \/ Yoast SEO plugin. -->","yoast_head_json":{"title":"Notre Histoire - Sobieski","robots":{"index":"index","follow":"follow","max-snippet":"max-snippet:-1","max-image-preview":"max-image-preview:large","max-video-preview":"max-video-preview:-1"},"canonical":"https:\/\/sobieskivodka.com\/our-history\/","og_locale":"fr_FR","og_type":"article","og_title":"Notre Histoire - Sobieski","og_description":"[vc_section disable_element=\u00a0\u00bbyes\u00a0\u00bb pix_over_visibility=\u00a0\u00bb\u00a0\u00bb el_class=\u00a0\u00bbhome-section-slider-revolution\u00a0\u00bb][vc_row full_width=\u00a0\u00bbstretch_row_content_no_spaces\u00a0\u00bb pix_particles_check=\u00a0\u00bb\u00a0\u00bb][vc_column][\/vc_column][\/vc_row][\/vc_section][vc_section pix_over_visibility=\u00a0\u00bb\u00a0\u00bb el_class=\u00a0\u00bbsection-1-our-history\u00a0\u00bb][vc_row content_placement=\u00a0\u00bbmiddle\u00a0\u00bb pix_particles_check=\u00a0\u00bb\u00a0\u00bb][vc_column width=\u00a0\u00bb1\/2&Prime;][vc_single_image image=\u00a0\u00bb370&Prime; img_size=\u00a0\u00bbfull\u00a0\u00bb][\/vc_column][vc_column width=\u00a0\u00bb1\/2&Prime; el_class=\u00a0\u00bbsection-1-our-history-text\u00a0\u00bb][vc_column_text el_class=\u00a0\u00bbtitle-section title-black\u00a0\u00bb] Le roi polonais. [\/vc_column_text][vc_column_text el_class=\u00a0\u00bbtitle-section title-red\u00a0\u00bb] sobieski. [\/vc_column_text][vc_column_text el_class=\u00a0\u00bbparagraph paragraph-black\u00a0\u00bb css=\u00a0\u00bb.vc_custom_1680783872840{margin-bottom: 25px !important;}\u00a0\u00bb]La vodka SOBIESKI\u00ae rend hommage au roi Jan III Sobieski (1629-1696),...","og_url":"https:\/\/sobieskivodka.com\/our-history\/","og_site_name":"Sobieski","article_publisher":"https:\/\/www.facebook.com\/SobieskiVodka","article_modified_time":"2023-05-09T14:07:56+00:00","twitter_card":"summary_large_image","twitter_misc":{"Dur\u00e9e de lecture estim\u00e9e":"5 minutes"},"schema":{"@context":"https:\/\/schema.org","@graph":[{"@type":"WebPage","@id":"https:\/\/sobieskivodka.com\/our-history\/","url":"https:\/\/sobieskivodka.com\/our-history\/","name":"Notre Histoire - Sobieski","isPartOf":{"@id":"https:\/\/sobieskivodka.com\/#website"},"datePublished":"2022-08-08T17:10:48+00:00","dateModified":"2023-05-09T14:07:56+00:00","breadcrumb":{"@id":"https:\/\/sobieskivodka.com\/our-history\/#breadcrumb"},"inLanguage":"fr-FR","potentialAction":[{"@type":"ReadAction","target":["https:\/\/sobieskivodka.com\/our-history\/"]}]},{"@type":"BreadcrumbList","@id":"https:\/\/sobieskivodka.com\/our-history\/#breadcrumb","itemListElement":[{"@type":"ListItem","position":1,"name":"Home","item":"https:\/\/sobieskivodka.com\/fr\/"},{"@type":"ListItem","position":2,"name":"Notre Histoire"}]},{"@type":"WebSite","@id":"https:\/\/sobieskivodka.com\/#website","url":"https:\/\/sobieskivodka.com\/","name":"Sobieski","description":"","publisher":{"@id":"https:\/\/sobieskivodka.com\/#organization"},"potentialAction":[{"@type":"SearchAction","target":{"@type":"EntryPoint","urlTemplate":"https:\/\/sobieskivodka.com\/?s={search_term_string}"},"query-input":{"@type":"PropertyValueSpecification","valueRequired":true,"valueName":"search_term_string"}}],"inLanguage":"fr-FR"},{"@type":"Organization","@id":"https:\/\/sobieskivodka.com\/#organization","name":"Sobieski","url":"https:\/\/sobieskivodka.com\/","logo":{"@type":"ImageObject","inLanguage":"fr-FR","@id":"https:\/\/sobieskivodka.com\/#\/schema\/logo\/image\/","url":"https:\/\/sobieskivodka.com\/wp-content\/uploads\/2022\/04\/logo-black.svg","contentUrl":"https:\/\/sobieskivodka.com\/wp-content\/uploads\/2022\/04\/logo-black.svg","width":181,"height":70,"caption":"Sobieski"},"image":{"@id":"https:\/\/sobieskivodka.com\/#\/schema\/logo\/image\/"},"sameAs":["https:\/\/www.facebook.com\/SobieskiVodka"]}]}},"_links":{"self":[{"href":"https:\/\/sobieskivodka.com\/fr\/wp-json\/wp\/v2\/pages\/364","targetHints":{"allow":["GET"]}}],"collection":[{"href":"https:\/\/sobieskivodka.com\/fr\/wp-json\/wp\/v2\/pages"}],"about":[{"href":"https:\/\/sobieskivodka.com\/fr\/wp-json\/wp\/v2\/types\/page"}],"author":[{"embeddable":true,"href":"https:\/\/sobieskivodka.com\/fr\/wp-json\/wp\/v2\/users\/7"}],"replies":[{"embeddable":true,"href":"https:\/\/sobieskivodka.com\/fr\/wp-json\/wp\/v2\/comments?post=364"}],"version-history":[{"count":29,"href":"https:\/\/sobieskivodka.com\/fr\/wp-json\/wp\/v2\/pages\/364\/revisions"}],"predecessor-version":[{"id":3482,"href":"https:\/\/sobieskivodka.com\/fr\/wp-json\/wp\/v2\/pages\/364\/revisions\/3482"}],"wp:attachment":[{"href":"https:\/\/sobieskivodka.com\/fr\/wp-json\/wp\/v2\/media?parent=364"}],"curies":[{"name":"wp","href":"https:\/\/api.w.org\/{rel}","templated":true}]}}