{"id":2864,"date":"2022-08-11T07:54:19","date_gmt":"2022-08-11T07:54:19","guid":{"rendered":"https:\/\/sobieskivodka.com\/404-3\/"},"modified":"2022-09-08T08:52:38","modified_gmt":"2022-09-08T08:52:38","slug":"404-3","status":"publish","type":"page","link":"https:\/\/sobieskivodka.com\/pl\/404-3\/","title":{"rendered":"404"},"content":{"rendered":"<div class=\"wpb-content-wrapper\">[vc_section pix_over_visibility=&#8221;&#8221; el_class=&#8221;section-404&#8243; css=&#8221;.vc_custom_1651153355497{background-color: #b71923 !important;}&#8221;][vc_row pix_particles_check=&#8221;&#8221; el_class=&#8221;max-container-custom&#8221;][vc_column][vc_column_text el_class=&#8221;title-section title-white&#8221;]\r\n<h2 style=\"text-align: center;\">B\u0142\u0105d 404.<\/h2>\r\n[\/vc_column_text][vc_column_text el_class=&#8221;paragraph-404&#8243;]\r\n<p style=\"text-align: center;\"><span style=\"white-space: pre-wrap;\">ups, nie mo\u017cesz znale\u017a\u0107 tej strony? Wr\u00f3\u0107 do <a href=\"https:\/\/sobieskivodka.com\/pl\/\">strony g\u0142\u00f3wnej<\/a> lub <a href=\"https:\/\/www.instagram.com\/sobieski_vodka_official\/\" target=\"_blank\" rel=\"noopener\">skontaktuj si\u0119 z nami<\/a>!<\/span><\/p>\r\n[\/vc_column_text][\/vc_column][\/vc_row][\/vc_section]<\/div>","protected":false},"excerpt":{"rendered":"[vc_section pix_over_visibility=&#8221;&#8221; el_class=&#8221;section-404&#8243; css=&#8221;.vc_custom_1651153355497{background-color: #b71923 !important;}&#8221;][vc_row pix_particles_check=&#8221;&#8221; el_class=&#8221;max-container-custom&#8221;][vc_column][vc_column_text el_class=&#8221;title-section title-white&#8221;] B\u0142\u0105d 404. [\/vc_column_text][vc_column_text el_class=&#8221;paragraph-404&#8243;] ups, nie mo\u017cesz znale\u017a\u0107 tej strony? Wr\u00f3\u0107 do strony g\u0142\u00f3wnej lub skontaktuj si\u0119 z nami! [\/vc_column_text][\/vc_column][\/vc_row][\/vc_section]","protected":false},"author":7,"featured_media":0,"parent":0,"menu_order":0,"comment_status":"closed","ping_status":"closed","template":"","meta":{"_acf_changed":false,"footnotes":""},"class_list":["post-2864","page","type-page","status-publish","hentry"],"acf":[],"yoast_head":"<!-- This site is optimized with the Yoast SEO plugin v27.4 - https:\/\/yoast.com\/product\/yoast-seo-wordpress\/ -->\n<title>404 - Sobieski<\/title>\n<meta name=\"robots\" content=\"index, follow, max-snippet:-1, max-image-preview:large, max-video-preview:-1\" \/>\n<link rel=\"canonical\" href=\"https:\/\/sobieskivodka.com\/404-2\/\" \/>\n<meta property=\"og:locale\" content=\"pl_PL\" \/>\n<meta property=\"og:type\" content=\"article\" \/>\n<meta property=\"og:title\" content=\"404 - Sobieski\" \/>\n<meta property=\"og:description\" content=\"[vc_section pix_over_visibility=&#8221;&#8221; el_class=&#8221;section-404&#8243; css=&#8221;.vc_custom_1651153355497{background-color: #b71923 !important;}&#8221;][vc_row pix_particles_check=&#8221;&#8221; el_class=&#8221;max-container-custom&#8221;][vc_column][vc_column_text el_class=&#8221;title-section title-white&#8221;] B\u0142\u0105d 404. [\/vc_column_text][vc_column_text el_class=&#8221;paragraph-404&#8243;] ups, nie mo\u017cesz znale\u017a\u0107 tej strony? Wr\u00f3\u0107 do strony g\u0142\u00f3wnej lub skontaktuj si\u0119 z nami! [\/vc_column_text][\/vc_column][\/vc_row][\/vc_section]\" \/>\n<meta property=\"og:url\" content=\"https:\/\/sobieskivodka.com\/404-2\/\" \/>\n<meta property=\"og:site_name\" content=\"Sobieski\" \/>\n<meta property=\"article:publisher\" content=\"https:\/\/www.facebook.com\/SobieskiVodka\" \/>\n<meta property=\"article:modified_time\" content=\"2022-09-08T08:52:38+00:00\" \/>\n<meta name=\"twitter:card\" content=\"summary_large_image\" \/>\n<meta name=\"twitter:label1\" content=\"Szacowany czas czytania\" \/>\n\t<meta name=\"twitter:data1\" content=\"1 minuta\" \/>\n<script type=\"application\/ld+json\" class=\"yoast-schema-graph\">{\"@context\":\"https:\\\/\\\/schema.org\",\"@graph\":[{\"@type\":\"WebPage\",\"@id\":\"https:\\\/\\\/sobieskivodka.com\\\/404-2\\\/\",\"url\":\"https:\\\/\\\/sobieskivodka.com\\\/404-2\\\/\",\"name\":\"404 - Sobieski\",\"isPartOf\":{\"@id\":\"https:\\\/\\\/sobieskivodka.com\\\/#website\"},\"datePublished\":\"2022-08-11T07:54:19+00:00\",\"dateModified\":\"2022-09-08T08:52:38+00:00\",\"breadcrumb\":{\"@id\":\"https:\\\/\\\/sobieskivodka.com\\\/404-2\\\/#breadcrumb\"},\"inLanguage\":\"pl-PL\",\"potentialAction\":[{\"@type\":\"ReadAction\",\"target\":[\"https:\\\/\\\/sobieskivodka.com\\\/404-2\\\/\"]}]},{\"@type\":\"BreadcrumbList\",\"@id\":\"https:\\\/\\\/sobieskivodka.com\\\/404-2\\\/#breadcrumb\",\"itemListElement\":[{\"@type\":\"ListItem\",\"position\":1,\"name\":\"Home\",\"item\":\"https:\\\/\\\/sobieskivodka.com\\\/pl\\\/\"},{\"@type\":\"ListItem\",\"position\":2,\"name\":\"404\"}]},{\"@type\":\"WebSite\",\"@id\":\"https:\\\/\\\/sobieskivodka.com\\\/#website\",\"url\":\"https:\\\/\\\/sobieskivodka.com\\\/\",\"name\":\"Sobieski\",\"description\":\"\",\"publisher\":{\"@id\":\"https:\\\/\\\/sobieskivodka.com\\\/#organization\"},\"potentialAction\":[{\"@type\":\"SearchAction\",\"target\":{\"@type\":\"EntryPoint\",\"urlTemplate\":\"https:\\\/\\\/sobieskivodka.com\\\/?s={search_term_string}\"},\"query-input\":{\"@type\":\"PropertyValueSpecification\",\"valueRequired\":true,\"valueName\":\"search_term_string\"}}],\"inLanguage\":\"pl-PL\"},{\"@type\":\"Organization\",\"@id\":\"https:\\\/\\\/sobieskivodka.com\\\/#organization\",\"name\":\"Sobieski\",\"url\":\"https:\\\/\\\/sobieskivodka.com\\\/\",\"logo\":{\"@type\":\"ImageObject\",\"inLanguage\":\"pl-PL\",\"@id\":\"https:\\\/\\\/sobieskivodka.com\\\/#\\\/schema\\\/logo\\\/image\\\/\",\"url\":\"https:\\\/\\\/sobieskivodka.com\\\/wp-content\\\/uploads\\\/2022\\\/04\\\/logo-black.svg\",\"contentUrl\":\"https:\\\/\\\/sobieskivodka.com\\\/wp-content\\\/uploads\\\/2022\\\/04\\\/logo-black.svg\",\"width\":181,\"height\":70,\"caption\":\"Sobieski\"},\"image\":{\"@id\":\"https:\\\/\\\/sobieskivodka.com\\\/#\\\/schema\\\/logo\\\/image\\\/\"},\"sameAs\":[\"https:\\\/\\\/www.facebook.com\\\/SobieskiVodka\"]}]}<\/script>\n<!-- \/ Yoast SEO plugin. -->","yoast_head_json":{"title":"404 - Sobieski","robots":{"index":"index","follow":"follow","max-snippet":"max-snippet:-1","max-image-preview":"max-image-preview:large","max-video-preview":"max-video-preview:-1"},"canonical":"https:\/\/sobieskivodka.com\/404-2\/","og_locale":"pl_PL","og_type":"article","og_title":"404 - Sobieski","og_description":"[vc_section pix_over_visibility=&#8221;&#8221; el_class=&#8221;section-404&#8243; css=&#8221;.vc_custom_1651153355497{background-color: #b71923 !important;}&#8221;][vc_row pix_particles_check=&#8221;&#8221; el_class=&#8221;max-container-custom&#8221;][vc_column][vc_column_text el_class=&#8221;title-section title-white&#8221;] B\u0142\u0105d 404. [\/vc_column_text][vc_column_text el_class=&#8221;paragraph-404&#8243;] ups, nie mo\u017cesz znale\u017a\u0107 tej strony? Wr\u00f3\u0107 do strony g\u0142\u00f3wnej lub skontaktuj si\u0119 z nami! [\/vc_column_text][\/vc_column][\/vc_row][\/vc_section]","og_url":"https:\/\/sobieskivodka.com\/404-2\/","og_site_name":"Sobieski","article_publisher":"https:\/\/www.facebook.com\/SobieskiVodka","article_modified_time":"2022-09-08T08:52:38+00:00","twitter_card":"summary_large_image","twitter_misc":{"Szacowany czas czytania":"1 minuta"},"schema":{"@context":"https:\/\/schema.org","@graph":[{"@type":"WebPage","@id":"https:\/\/sobieskivodka.com\/404-2\/","url":"https:\/\/sobieskivodka.com\/404-2\/","name":"404 - Sobieski","isPartOf":{"@id":"https:\/\/sobieskivodka.com\/#website"},"datePublished":"2022-08-11T07:54:19+00:00","dateModified":"2022-09-08T08:52:38+00:00","breadcrumb":{"@id":"https:\/\/sobieskivodka.com\/404-2\/#breadcrumb"},"inLanguage":"pl-PL","potentialAction":[{"@type":"ReadAction","target":["https:\/\/sobieskivodka.com\/404-2\/"]}]},{"@type":"BreadcrumbList","@id":"https:\/\/sobieskivodka.com\/404-2\/#breadcrumb","itemListElement":[{"@type":"ListItem","position":1,"name":"Home","item":"https:\/\/sobieskivodka.com\/pl\/"},{"@type":"ListItem","position":2,"name":"404"}]},{"@type":"WebSite","@id":"https:\/\/sobieskivodka.com\/#website","url":"https:\/\/sobieskivodka.com\/","name":"Sobieski","description":"","publisher":{"@id":"https:\/\/sobieskivodka.com\/#organization"},"potentialAction":[{"@type":"SearchAction","target":{"@type":"EntryPoint","urlTemplate":"https:\/\/sobieskivodka.com\/?s={search_term_string}"},"query-input":{"@type":"PropertyValueSpecification","valueRequired":true,"valueName":"search_term_string"}}],"inLanguage":"pl-PL"},{"@type":"Organization","@id":"https:\/\/sobieskivodka.com\/#organization","name":"Sobieski","url":"https:\/\/sobieskivodka.com\/","logo":{"@type":"ImageObject","inLanguage":"pl-PL","@id":"https:\/\/sobieskivodka.com\/#\/schema\/logo\/image\/","url":"https:\/\/sobieskivodka.com\/wp-content\/uploads\/2022\/04\/logo-black.svg","contentUrl":"https:\/\/sobieskivodka.com\/wp-content\/uploads\/2022\/04\/logo-black.svg","width":181,"height":70,"caption":"Sobieski"},"image":{"@id":"https:\/\/sobieskivodka.com\/#\/schema\/logo\/image\/"},"sameAs":["https:\/\/www.facebook.com\/SobieskiVodka"]}]}},"_links":{"self":[{"href":"https:\/\/sobieskivodka.com\/pl\/wp-json\/wp\/v2\/pages\/2864","targetHints":{"allow":["GET"]}}],"collection":[{"href":"https:\/\/sobieskivodka.com\/pl\/wp-json\/wp\/v2\/pages"}],"about":[{"href":"https:\/\/sobieskivodka.com\/pl\/wp-json\/wp\/v2\/types\/page"}],"author":[{"embeddable":true,"href":"https:\/\/sobieskivodka.com\/pl\/wp-json\/wp\/v2\/users\/7"}],"replies":[{"embeddable":true,"href":"https:\/\/sobieskivodka.com\/pl\/wp-json\/wp\/v2\/comments?post=2864"}],"version-history":[{"count":6,"href":"https:\/\/sobieskivodka.com\/pl\/wp-json\/wp\/v2\/pages\/2864\/revisions"}],"predecessor-version":[{"id":3153,"href":"https:\/\/sobieskivodka.com\/pl\/wp-json\/wp\/v2\/pages\/2864\/revisions\/3153"}],"wp:attachment":[{"href":"https:\/\/sobieskivodka.com\/pl\/wp-json\/wp\/v2\/media?parent=2864"}],"curies":[{"name":"wp","href":"https:\/\/api.w.org\/{rel}","templated":true}]}}