{"id":2960,"date":"2022-08-11T14:08:18","date_gmt":"2022-08-11T14:08:18","guid":{"rendered":"https:\/\/sobieskivodka.com\/nasza-historia\/"},"modified":"2024-01-05T23:15:00","modified_gmt":"2024-01-05T23:15:00","slug":"nasza-historia","status":"publish","type":"page","link":"https:\/\/sobieskivodka.com\/pl\/nasza-historia\/","title":{"rendered":"Nasza Historia"},"content":{"rendered":"<div class=\"wpb-content-wrapper\">[vc_section el_class=&#8221;home-section-slider-revolution&#8221;][vc_row full_width=&#8221;stretch_row_content_no_spaces&#8221;][vc_column]\n\t\t\t<!-- START Slider 1 REVOLUTION SLIDER 6.7.41 --><p class=\"rs-p-wp-fix\"><\/p>\n\t\t\t<rs-module-wrap id=\"rev_slider_1_1_wrapper\" data-source=\"gallery\" style=\"visibility:hidden;background:transparent;padding:0;margin:0px auto;margin-top:0;margin-bottom:0;\">\n\t\t\t\t<rs-module id=\"rev_slider_1_1\" style=\"\" data-version=\"6.7.41\">\n\t\t\t\t\t<rs-slides style=\"overflow: hidden; position: absolute;\">\n\t\t\t\t\t\t<rs-slide style=\"position: absolute;\" data-key=\"rs-1\" data-title=\"Slide\" data-anim=\"adpr:false;\" data-in=\"o:0;\" data-out=\"a:false;\">\n\t\t\t\t\t\t\t<img decoding=\"async\" src=\"\/\/sobieskivodka.com\/wp-content\/plugins\/revslider\/sr6\/assets\/assets\/dummy.png\" alt=\"Slide\" title=\"Nasza Historia\" class=\"rev-slidebg tp-rs-img rs-lazyload\" data-lazyload=\"\/\/sobieskivodka.com\/wp-content\/plugins\/revslider\/sr6\/assets\/assets\/transparent.png\" data-no-retina>\n<!--\n\t\t\t\t\t\t\t--><rs-layer\n\t\t\t\t\t\t\t\tid=\"slider-1-slide-1-layer-2\" \n\t\t\t\t\t\t\t\tclass=\"rs-nolc rs-layer-video intrinsic-ignore\"\n\t\t\t\t\t\t\t\tdata-type=\"video\"\n\t\t\t\t\t\t\t\tdata-rsp_ch=\"on\"\n\t\t\t\t\t\t\t\tdata-xy=\"y:50px;\"\n\t\t\t\t\t\t\t\tdata-text=\"w:normal;\"\n\t\t\t\t\t\t\t\tdata-dim=\"w:100%;h:1080px;\"\n\t\t\t\t\t\t\t\tdata-basealign=\"slide\"\n\t\t\t\t\t\t\t\tdata-video=\"vfc:true;ap:false;vd:100;scop:t;l:false;ptimer:false;npom:t;vc:t;inl:f;\"\n\t\t\t\t\t\t\t\tdata-poster=\"\/\/sobieskivodka.com\/wp-content\/uploads\/2022\/04\/postervideo.png\"\n\t\t\t\t\t\t\t\tdata-mp4=\"\/\/sobieskivodka.com\/wp-content\/uploads\/2022\/04\/Video-sobieski.mp4\"\n\t\t\t\t\t\t\t\tdata-frame_999=\"o:0;st:w;\"\n\t\t\t\t\t\t\t\tstyle=\"z-index:5;.tp-video-play-button{ background:rgba(0,0,0,0);\"\n\t\t\t\t\t\t\t>\n\t\t\t\t\t\t\t<\/rs-layer><!--\n-->\t\t\t\t\t<\/rs-slide>\n\t\t\t\t\t<\/rs-slides>\n\t\t\t\t<\/rs-module>\n\t\t\t\t<script>\n\t\t\t\t\tsetREVStartSize({c: 'rev_slider_1_1',rl:[1240,1024,778,480],el:[900],gw:[1240],gh:[900],type:'standard',justify:'',layout:'fullwidth',mh:\"0\"});if (window.RS_MODULES!==undefined && window.RS_MODULES.modules!==undefined && window.RS_MODULES.modules[\"revslider11\"]!==undefined) {window.RS_MODULES.modules[\"revslider11\"].once = false;window.revapi1 = undefined;if (window.RS_MODULES.checkMinimal!==undefined) window.RS_MODULES.checkMinimal()}\n\t\t\t\t<\/script>\n\t\t\t<\/rs-module-wrap>\n\t\t\t<!-- END REVOLUTION SLIDER -->\n[\/vc_column][\/vc_row][\/vc_section][vc_section el_class=&#8221;section-1-our-history&#8221;][vc_row content_placement=&#8221;middle&#8221;][vc_column width=&#8221;1\/2&#8243;][vc_single_image image=&#8221;370&#8243; img_size=&#8221;full&#8221;][\/vc_column][vc_column width=&#8221;1\/2&#8243; el_class=&#8221;section-1-our-history-text&#8221;][vc_column_text el_class=&#8221;title-section title-black&#8221;]\r\n<h2 style=\"text-align: left;\">Kr\u00f3l Polski.<\/h2>\r\n[\/vc_column_text][vc_column_text el_class=&#8221;title-section title-red&#8221;]\r\n<h2 style=\"text-align: left;\">Sobieski.<\/h2>\r\n[\/vc_column_text][vc_column_text el_class=&#8221;paragraph paragraph-black&#8221; css=&#8221;.vc_custom_1658222188897{margin-bottom: 25px !important;}&#8221;]W\u00f3dka SOBIESKI<span style=\"vertical-align: middle;\">\u00ae<\/span> oddaje ho\u0142d kr\u00f3lowi Janowi III Sobieskiemu, najs\u0142ynniejszemu kr\u00f3lowi Polski.\r\n\r\nJan III Sobieski (1629-1696) by\u0142 jednym z najwi\u0119kszych kr\u00f3l\u00f3w Polski, znanym jako wybitny dow\u00f3dca, ale te\u017c niezwyk\u0142y i \u015bwietnie wykszta\u0142cony d\u017centelmen.[\/vc_column_text][vc_column_text el_class=&#8221;title-section&#8221; css=&#8221;.vc_custom_1658222346049{margin-bottom: 25px !important;}&#8221;]\r\n<h3><strong>M\u0141ODO\u015a\u0106 SOBIESKIEGO<\/strong><\/h3>\r\n[\/vc_column_text][vc_column_text el_class=&#8221;paragraph paragraph-black&#8221; css=&#8221;.vc_custom_1658742654050{margin-bottom: 25px !important;}&#8221;]Jan Sobieski pochodzi\u0142 ze szlacheckiej polskiej rodziny i by\u0142 bardzo <span class=\"our-history-text-red\">dobrze wykszta\u0142cony<\/span>. <span class=\"our-history-text-red\">Studiowa\u0142 filozofi\u0119<\/span> na Uniwersytecie Jagiello\u0144skim, a po uko\u0144czeniu studi\u00f3w <span class=\"our-history-text-red\">podr\u00f3\u017cowa\u0142 po Europie<\/span> ze swoim bratem &#8211; Markiem Sobieskim. Odwiedzili obaj Niemcy, Belgi\u0119, Francj\u0119 i Wielk\u0105 Brytani\u0119. Podczas tej podr\u00f3\u017cy Jan Sobieski pozna\u0142 s\u0142ynnych kr\u00f3l\u00f3w, takich jak Ludwik II De Bourbon czy Karol II Stuart. Jan <span class=\"our-history-text-red\">nauczy\u0142 si\u0119 niemieckiego, francuskiego, w\u0142oskiego oraz \u0142aciny<\/span>. Bardzo te\u017c lubi\u0142 te\u017c sztuk\u0119, muzyk\u0119 oraz literatur\u0119.[\/vc_column_text][vc_column_text el_class=&#8221;title-section&#8221; css=&#8221;.vc_custom_1658222919052{margin-bottom: 25px !important;}&#8221;]\r\n<h3><strong>ZA\u017bARTY DOW\u00d3DCA<\/strong><\/h3>\r\n[\/vc_column_text][vc_column_text el_class=&#8221;paragraph paragraph-black&#8221; css=&#8221;.vc_custom_1658413562399{margin-bottom: 25px !important;}&#8221;]Po powrocie do Polski w 1648 roku Jan Sobieski zg\u0142osi\u0142 si\u0119 na ochotnika do wojska polskiego, id\u0105c w \u015blady swego ojca, kt\u00f3ry by\u0142 &#8222;wielkim hetmanem&#8221; (wielkim wodzem) oraz deputowanym. Jan Sobieski <strong>stoczy\u0142 wiele bitew<\/strong> w trakcie powstania Chmielnickiego, wielkiej wojny polsko-kozackiej, kt\u00f3ra mia\u0142a miejsce w Rzeczypospolitej Obojga Narod\u00f3w od 1648 do 1657 roku.\r\n\r\nRozpocz\u0119\u0142a si\u0119 w\u00f3wczas droga do s\u0142awy Jana Sobieskiego. W 1666 roku zosta\u0142 &#8222;hetmanem&#8221; Wojska Polskiego.\r\n\r\nW 1668 pokona\u0142 zbuntowane wojska i wr\u00f3ci\u0142 zwyci\u0119sko do Warszawy. Tym samym zosta\u0142 mianowany <strong>&#8222;wielkim hetmanem&#8221; Wojska Polskiego, Husarii<\/strong>.[\/vc_column_text][\/vc_column][\/vc_row][\/vc_section][vc_section el_class=&#8221;section-2-a-lion-history&#8221;][vc_row content_placement=&#8221;middle&#8221;][vc_column width=&#8221;1\/2&#8243; el_class=&#8221;aside-text-a-lion-history&#8221;][vc_column_text el_class=&#8221;title-section title-black&#8221;]\r\n<h2 style=\"text-align: left;\">Nami\u0119tny <span style=\"color: #b71923 !important;\">Kochanek<\/span><\/h2>\r\n[\/vc_column_text][vc_column_text el_class=&#8221;paragraph paragraph-black&#8221; css=&#8221;.vc_custom_1658413603705{margin-bottom: 25px !important;}&#8221;]Podczas jednej z wielu swoich podr\u00f3\u017cy pozna\u0142 Mari\u0119 Kazimier\u0119 de La Grange d&#8217;Arquien (1641-1716), potocznie zwan\u0105 po polsku <em>Marysie\u0144k\u0105<\/em>. Maria Kazimiera by\u0142a ambitn\u0105 francusk\u0105 szlachciank\u0105 z dworu Ludwika XIV, kr\u00f3la Francji. W m\u0142odo\u015bci by\u0142a towarzyszk\u0105 polskiej kr\u00f3lowej Marii Ludwiki Gonzagi. Jan Sobieski i Maria Kazimiera mocno si\u0119 w sobie zakochali i wzi\u0119li \u015blub w 1665 roku, nied\u0142ugo po tym, jak Maria zosta\u0142a wdow\u0105 po Janie Zamoyskim. M\u00f3wi si\u0119, \u017ce Jan III Sobieski oraz Maria Kazimiera mieli a\u017c czterna\u015bcioro lub pi\u0119tna\u015bcioro dzieci. Prze\u017cy\u0142y tylko cztery z nich.[\/vc_column_text][vc_column_text el_class=&#8221;paragraph paragraph-black&#8221; css=&#8221;.vc_custom_1658223021670{margin-bottom: 25px !important;}&#8221;]Maria Kazimiera odegra\u0142a <strong>kluczow\u0105 rol\u0119 we wst\u0105pieniu Sobieskiego na polski tron<\/strong>.[\/vc_column_text][vc_column_text el_class=&#8221;paragraph paragraph-black&#8221; css=&#8221;.vc_custom_1658413628279{margin-bottom: 25px !important;}&#8221;]Po stracie \u017cony i wielu stoczonych bitwach polski kr\u00f3l Jan Kazimierz (1609-1672) ust\u0105pi\u0142 z tronu, wi\u0119c Maria Kazimiera postanowi\u0142a pom\u00f3c Janowi Sobieskiemu w zostaniu nowym kr\u00f3lem Polski. Wr\u00f3ci\u0142a do Francji i ci\u0119\u017cko pracowa\u0142a, aby uzyska\u0107 wsparcie kr\u00f3la Ludwika XIV. Jednak to kr\u00f3l Micha\u0142 (1669-1673) zosta\u0142 wtedy mianowany.\r\n\r\nPoparcie francuskie by\u0142o jednak kluczowe, aby Jan Sobieski m\u00f3g\u0142 zosta\u0107 kr\u00f3lem Polski.[\/vc_column_text][vc_column_text el_class=&#8221;paragraph paragraph-black&#8221; css=&#8221;.vc_custom_1658223043190{margin-bottom: 25px !important;}&#8221;]Po \u015bmierci kr\u00f3la Micha\u0142a w 1674 roku Jan Sobieski zosta\u0142 <strong>mianowany<\/strong> nowym <strong>kr\u00f3lem Polski<\/strong>.[\/vc_column_text][vc_column_text el_class=&#8221;paragraph paragraph-black&#8221; css=&#8221;.vc_custom_1658413674822{margin-bottom: 25px !important;}&#8221;]Kiedy przebywali osobno, Jan Sobieski i Maria Kazimiera pisali do siebie d\u0142ugie i pe\u0142ne nami\u0119tno\u015bci listy mi\u0142osne. By\u0142o tak przez prawie dwadzie\u015bcia lat (1665-1683), gdy Maria Kazimiera wspiera\u0142a Jana Sobieskiego w jego zagranicznych wyprawach wojennych.[\/vc_column_text][vc_column_text el_class=&#8221;paragraph paragraph-black&#8221; css=&#8221;.vc_custom_1658223065011{margin-bottom: 25px !important;}&#8221;]Po \u015bmierci kr\u00f3la Jana III Sobieskiego w 1696 roku Maria Kazimiera wr\u00f3ci\u0142a do Francji i nigdy wi\u0119cej nie wysz\u0142a za m\u0105\u017c.[\/vc_column_text][\/vc_column][vc_column width=&#8221;1\/2&#8243;][vc_single_image image=&#8221;1808&#8243; img_size=&#8221;full&#8221; alignment=&#8221;right&#8221;][\/vc_column][\/vc_row][\/vc_section][vc_section el_class=&#8221;section-1-our-history&#8221;][vc_row content_placement=&#8221;middle&#8221;][vc_column width=&#8221;1\/2&#8243;][vc_single_image image=&#8221;391&#8243; img_size=&#8221;full&#8221;][\/vc_column][vc_column width=&#8221;1\/2&#8243; el_class=&#8221;section-1-our-history-text&#8221;][vc_column_text el_class=&#8221;title-section title-black&#8221;]\r\n<h2 style=\"text-align: left;\">Polski <span style=\"color: #b71923 !important;\">bohater<\/span>.<\/h2>\r\n[\/vc_column_text][vc_column_text el_class=&#8221;paragraph paragraph-black&#8221; css=&#8221;.vc_custom_1658413708095{margin-bottom: 25px !important;}&#8221;]Jan Sobieski wygra\u0142 wiele bitew w po\u0142owie XVII wieku, zw\u0142aszcza t\u0119 przeciwko pr\u00f3bom inwazji tureckiej armii na Europ\u0119. Przez ca\u0142e swoje \u017cycie z powodzeniem walczy\u0142 o wolno\u015b\u0107 swojego kraju przeciwko Imperium Osma\u0144skiemu. By\u0142 wielkim or\u0119downikiem wolno\u015bci!\r\n\r\nPod rz\u0105dami tureckiego kr\u00f3la Kara Mustafy armia turecka, kt\u00f3ra wci\u0105\u017c pr\u00f3bowa\u0142a podbi\u0107 Europ\u0119, w 1683 roku najecha\u0142a Austri\u0119. Kr\u00f3l Jan III Sobieski do Wiednia poprowadzi\u0142 armi\u0119 licz\u0105c\u0105 76,000 ludzi, jednak\u017ce <strong>armia turecka by\u0142a dwukrotnie liczniejsza<\/strong>, maj\u0105c w swoich szeregach a\u017c 143,000 \u017co\u0142nierzy!\r\n\r\n<strong>Jan III Sobieski by\u0142 bardzo zaanga\u017cowanym i zr\u0119cznym kr\u00f3lem<\/strong>. Wraz z kawaleri\u0105 husarii oraz armi\u0105 niemieck\u0105 i austriack\u0105 prze\u0142amali tureck\u0105 obron\u0119 i <strong>pokonali kr\u00f3la Kara Mustaf\u0119<\/strong> w ogromnej szar\u017cy.\r\n\r\nWalcz\u0105c dzielnie w bitwach, Turkowie nadali Janowi III Sobieskiemu przydomek &#8222;<strong>Lew <em>Lechistanu<\/em><\/strong>&#8222;, co po turecku <strong>oznacza<\/strong> <strong>Lwa Polski<\/strong>.\r\n\r\n<strong>LEW LECHISTANU. LEW POLSKI<\/strong><strong>.<\/strong>[\/vc_column_text][\/vc_column][\/vc_row][\/vc_section][vc_section el_class=&#8221;tributes-to-jan-III-sobieski&#8221;][vc_row][vc_column][vc_column_text]\r\n<h2 style=\"text-align: center;\">Wiedzia\u0142e\u015b?<\/h2>\r\n[\/vc_column_text][vc_single_image image=&#8221;1818&#8243; img_size=&#8221;full&#8221; alignment=&#8221;center&#8221;][vc_column_text]\r\n<p class=\"p1\" style=\"text-align: right;\"><span class=\"s1\">W ho\u0142dzie Janowi III Sobieskiemu polski astronom Jan Heweliusz nazwa\u0142 jeden z gwiazdozbior\u00f3w imieniem kr\u00f3la w 1690 roku.<\/span><\/p>\r\n[\/vc_column_text][vc_single_image image=&#8221;1822&#8243; img_size=&#8221;full&#8221; alignment=&#8221;center&#8221;][vc_column_text]\r\n<p class=\"p1\" style=\"text-align: right;\"><span class=\"s1\">Polski kr\u00f3l Jan III Sobieski, od kt\u00f3rego wzi\u0119\u0142a si\u0119 nazwa w\u00f3dki SOBIESKI\u00ae, ma w Watykanie we W\u0142oszech sal\u0119 nazwan\u0105 swoim imieniem: <i>Sala Sobieski<\/i>.<\/span><\/p>\r\n[\/vc_column_text][\/vc_column][\/vc_row][\/vc_section][vc_section el_class=&#8221;section-3-a-king-history&#8221;][vc_row content_placement=&#8221;middle&#8221;][vc_column width=&#8221;1\/2&#8243; el_class=&#8221;section-a-king-history-text&#8221;][vc_column_text el_class=&#8221;title-section title-black&#8221;]\r\n<h2 style=\"text-align: left;\">HISTORIA KR\u00d3LA.<\/h2>\r\n[\/vc_column_text][vc_column_text el_class=&#8221;title-section title-red&#8221;]\r\n<h2 style=\"text-align: left;\">WYGRAWEROWANA NA KULTOWEJ BUTELCE.<\/h2>\r\n[\/vc_column_text][vc_column_text el_class=&#8221;paragraph paragraph-black&#8221; css=&#8221;.vc_custom_1658223314166{margin-bottom: 25px !important;}&#8221;]Butelka w\u00f3dki SOBIESKI\u00ae wyr\u00f3\u017cnia si\u0119 z t\u0142umu unikalnym designem, kt\u00f3ry opowiada histori\u0119 Jana III Sobieskiego, histori\u0119 prawdziwego polskiego bohatera![\/vc_column_text][vc_column_text el_class=&#8221;paragraph paragraph-black&#8221; css=&#8221;.vc_custom_1658223338274{margin-bottom: 25px !important;}&#8221;]Przyjrzyj si\u0119 bli\u017cej i odkryj jego podr\u00f3\u017c![\/vc_column_text][\/vc_column][vc_column width=&#8221;1\/2&#8243;][vc_raw_html]PHZpZGVvIGF1dG9wbGF5PSIiIG11dGVkPSIiIGxvb3A9IiIgY2xhc3M9InZpZGVvLWtpbmctaGlzdG9yeSIgc3R5bGU9Im9iamVjdC1maXQ6IGNvdmVyOyI+CiAgPHNvdXJjZSBzcmM9Imh0dHBzOi8vc29iaWVza2l2b2RrYS5jb20vd3AtY29udGVudC91cGxvYWRzLzIwMjIvMDQvQm91dGVpbGxlLVNvYmllc2tpLVN5bm9wdGlxdWUubXA0IiB0eXBlPSJ2aWRlby9tcDQiPgpUd29qYSBwcnplZ2zEhWRhcmthIG5pZSBvYnPFgnVndWplIHpuYWN6bmlrw7N3IHdpZGVvLgo8L3NvdXJjZT48L3ZpZGVvPgo=[\/vc_raw_html][\/vc_column][\/vc_row][\/vc_section][vc_section disable_element=&#8221;yes&#8221; el_class=&#8221;max-container-custom section-non-eget-habitant&#8221;][vc_row][vc_column][vc_column_text el_class=&#8221;title-section title-black&#8221;]\r\n<h2 style=\"text-align: center;\">NIE MUSZ\u0104 <span style=\"color: #b71923;\">\u017bY\u0106<\/span>.<\/h2>\r\n[\/vc_column_text][vc_column_text]\r\n<p style=\"text-align: center;\">W\u00f3dka Sobieski produkowana jest z czystego \u017cyta. Najpierw \u017cyto jest myte wod\u0105 \u017ar\u00f3dlan\u0105, a nast\u0119pnie rozdrabniane. Nast\u0119pnie zaczyna si\u0119 proces fermentacji, w kt\u00f3rym skrobia \u017cytnia zostaje przekszta\u0142cona w cukier, a nast\u0119pnie w alkohol. Na tym etapie \u017cyto uwalnia wszystkie swoje aromaty. Nast\u0119pnym krokiem jest destylacja i rektyfikacja. Alkohol zostaje oczyszczony i uzyskuje si\u0119 czyst\u0105 w\u00f3dk\u0119 o mocy 96%. Nast\u0119pnie w\u00f3dka jest rozcie\u0144czana z wod\u0105 do mocy 37.5% lub 40% i filtrowana. Ostatnim etapem jest butelkowanie w\u00f3dki Sobieski.<\/p>\r\n[\/vc_column_text][\/vc_column][\/vc_row][\/vc_section]<\/div>","protected":false},"excerpt":{"rendered":"[vc_section el_class=&#8221;home-section-slider-revolution&#8221;][vc_row full_width=&#8221;stretch_row_content_no_spaces&#8221;][vc_column][\/vc_column][\/vc_row][\/vc_section][vc_section el_class=&#8221;section-1-our-history&#8221;][vc_row content_placement=&#8221;middle&#8221;][vc_column width=&#8221;1\/2&#8243;][vc_single_image image=&#8221;370&#8243; img_size=&#8221;full&#8221;][\/vc_column][vc_column width=&#8221;1\/2&#8243; el_class=&#8221;section-1-our-history-text&#8221;][vc_column_text el_class=&#8221;title-section title-black&#8221;] Kr\u00f3l Polski. [\/vc_column_text][vc_column_text el_class=&#8221;title-section title-red&#8221;] Sobieski. [\/vc_column_text][vc_column_text el_class=&#8221;paragraph paragraph-black&#8221; css=&#8221;.vc_custom_1658222188897{margin-bottom: 25px !important;}&#8221;]W\u00f3dka SOBIESKI\u00ae oddaje ho\u0142d kr\u00f3lowi Janowi III Sobieskiemu, najs\u0142ynniejszemu kr\u00f3lowi Polski. Jan III Sobieski (1629-1696) by\u0142 jednym&#8230;","protected":false},"author":7,"featured_media":0,"parent":0,"menu_order":0,"comment_status":"closed","ping_status":"closed","template":"","meta":{"_acf_changed":false,"footnotes":""},"class_list":["post-2960","page","type-page","status-publish","hentry"],"acf":[],"yoast_head":"<!-- This site is optimized with the Yoast SEO plugin v27.3 - https:\/\/yoast.com\/product\/yoast-seo-wordpress\/ -->\n<title>Nasza Historia - Sobieski<\/title>\n<meta name=\"robots\" content=\"index, follow, max-snippet:-1, max-image-preview:large, max-video-preview:-1\" \/>\n<link rel=\"canonical\" href=\"https:\/\/sobieskivodka.com\/pl\/nasza-historia\/\" \/>\n<meta property=\"og:locale\" content=\"pl_PL\" \/>\n<meta property=\"og:type\" content=\"article\" \/>\n<meta property=\"og:title\" content=\"Nasza Historia - Sobieski\" \/>\n<meta property=\"og:description\" content=\"[vc_section el_class=&#8221;home-section-slider-revolution&#8221;][vc_row full_width=&#8221;stretch_row_content_no_spaces&#8221;][vc_column][\/vc_column][\/vc_row][\/vc_section][vc_section el_class=&#8221;section-1-our-history&#8221;][vc_row content_placement=&#8221;middle&#8221;][vc_column width=&#8221;1\/2&#8243;][vc_single_image image=&#8221;370&#8243; img_size=&#8221;full&#8221;][\/vc_column][vc_column width=&#8221;1\/2&#8243; el_class=&#8221;section-1-our-history-text&#8221;][vc_column_text el_class=&#8221;title-section title-black&#8221;] Kr\u00f3l Polski. [\/vc_column_text][vc_column_text el_class=&#8221;title-section title-red&#8221;] Sobieski. [\/vc_column_text][vc_column_text el_class=&#8221;paragraph paragraph-black&#8221; css=&#8221;.vc_custom_1658222188897{margin-bottom: 25px !important;}&#8221;]W\u00f3dka SOBIESKI\u00ae oddaje ho\u0142d kr\u00f3lowi Janowi III Sobieskiemu, najs\u0142ynniejszemu kr\u00f3lowi Polski. Jan III Sobieski (1629-1696) by\u0142 jednym...\" \/>\n<meta property=\"og:url\" content=\"https:\/\/sobieskivodka.com\/pl\/nasza-historia\/\" \/>\n<meta property=\"og:site_name\" content=\"Sobieski\" \/>\n<meta property=\"article:publisher\" content=\"https:\/\/www.facebook.com\/SobieskiVodka\" \/>\n<meta property=\"article:modified_time\" content=\"2024-01-05T23:15:00+00:00\" \/>\n<meta name=\"twitter:card\" content=\"summary_large_image\" \/>\n<meta name=\"twitter:label1\" content=\"Szacowany czas czytania\" \/>\n\t<meta name=\"twitter:data1\" content=\"4 minuty\" \/>\n<script type=\"application\/ld+json\" class=\"yoast-schema-graph\">{\"@context\":\"https:\\\/\\\/schema.org\",\"@graph\":[{\"@type\":\"WebPage\",\"@id\":\"https:\\\/\\\/sobieskivodka.com\\\/pl\\\/nasza-historia\\\/\",\"url\":\"https:\\\/\\\/sobieskivodka.com\\\/pl\\\/nasza-historia\\\/\",\"name\":\"Nasza Historia - Sobieski\",\"isPartOf\":{\"@id\":\"https:\\\/\\\/sobieskivodka.com\\\/#website\"},\"datePublished\":\"2022-08-11T14:08:18+00:00\",\"dateModified\":\"2024-01-05T23:15:00+00:00\",\"breadcrumb\":{\"@id\":\"https:\\\/\\\/sobieskivodka.com\\\/pl\\\/nasza-historia\\\/#breadcrumb\"},\"inLanguage\":\"pl-PL\",\"potentialAction\":[{\"@type\":\"ReadAction\",\"target\":[\"https:\\\/\\\/sobieskivodka.com\\\/pl\\\/nasza-historia\\\/\"]}]},{\"@type\":\"BreadcrumbList\",\"@id\":\"https:\\\/\\\/sobieskivodka.com\\\/pl\\\/nasza-historia\\\/#breadcrumb\",\"itemListElement\":[{\"@type\":\"ListItem\",\"position\":1,\"name\":\"Home\",\"item\":\"https:\\\/\\\/sobieskivodka.com\\\/pl\\\/\"},{\"@type\":\"ListItem\",\"position\":2,\"name\":\"Nasza Historia\"}]},{\"@type\":\"WebSite\",\"@id\":\"https:\\\/\\\/sobieskivodka.com\\\/#website\",\"url\":\"https:\\\/\\\/sobieskivodka.com\\\/\",\"name\":\"Sobieski\",\"description\":\"\",\"publisher\":{\"@id\":\"https:\\\/\\\/sobieskivodka.com\\\/#organization\"},\"potentialAction\":[{\"@type\":\"SearchAction\",\"target\":{\"@type\":\"EntryPoint\",\"urlTemplate\":\"https:\\\/\\\/sobieskivodka.com\\\/?s={search_term_string}\"},\"query-input\":{\"@type\":\"PropertyValueSpecification\",\"valueRequired\":true,\"valueName\":\"search_term_string\"}}],\"inLanguage\":\"pl-PL\"},{\"@type\":\"Organization\",\"@id\":\"https:\\\/\\\/sobieskivodka.com\\\/#organization\",\"name\":\"Sobieski\",\"url\":\"https:\\\/\\\/sobieskivodka.com\\\/\",\"logo\":{\"@type\":\"ImageObject\",\"inLanguage\":\"pl-PL\",\"@id\":\"https:\\\/\\\/sobieskivodka.com\\\/#\\\/schema\\\/logo\\\/image\\\/\",\"url\":\"https:\\\/\\\/sobieskivodka.com\\\/wp-content\\\/uploads\\\/2022\\\/04\\\/logo-black.svg\",\"contentUrl\":\"https:\\\/\\\/sobieskivodka.com\\\/wp-content\\\/uploads\\\/2022\\\/04\\\/logo-black.svg\",\"width\":181,\"height\":70,\"caption\":\"Sobieski\"},\"image\":{\"@id\":\"https:\\\/\\\/sobieskivodka.com\\\/#\\\/schema\\\/logo\\\/image\\\/\"},\"sameAs\":[\"https:\\\/\\\/www.facebook.com\\\/SobieskiVodka\"]}]}<\/script>\n<!-- \/ Yoast SEO plugin. -->","yoast_head_json":{"title":"Nasza Historia - Sobieski","robots":{"index":"index","follow":"follow","max-snippet":"max-snippet:-1","max-image-preview":"max-image-preview:large","max-video-preview":"max-video-preview:-1"},"canonical":"https:\/\/sobieskivodka.com\/pl\/nasza-historia\/","og_locale":"pl_PL","og_type":"article","og_title":"Nasza Historia - Sobieski","og_description":"[vc_section el_class=&#8221;home-section-slider-revolution&#8221;][vc_row full_width=&#8221;stretch_row_content_no_spaces&#8221;][vc_column][\/vc_column][\/vc_row][\/vc_section][vc_section el_class=&#8221;section-1-our-history&#8221;][vc_row content_placement=&#8221;middle&#8221;][vc_column width=&#8221;1\/2&#8243;][vc_single_image image=&#8221;370&#8243; img_size=&#8221;full&#8221;][\/vc_column][vc_column width=&#8221;1\/2&#8243; el_class=&#8221;section-1-our-history-text&#8221;][vc_column_text el_class=&#8221;title-section title-black&#8221;] Kr\u00f3l Polski. [\/vc_column_text][vc_column_text el_class=&#8221;title-section title-red&#8221;] Sobieski. [\/vc_column_text][vc_column_text el_class=&#8221;paragraph paragraph-black&#8221; css=&#8221;.vc_custom_1658222188897{margin-bottom: 25px !important;}&#8221;]W\u00f3dka SOBIESKI\u00ae oddaje ho\u0142d kr\u00f3lowi Janowi III Sobieskiemu, najs\u0142ynniejszemu kr\u00f3lowi Polski. Jan III Sobieski (1629-1696) by\u0142 jednym...","og_url":"https:\/\/sobieskivodka.com\/pl\/nasza-historia\/","og_site_name":"Sobieski","article_publisher":"https:\/\/www.facebook.com\/SobieskiVodka","article_modified_time":"2024-01-05T23:15:00+00:00","twitter_card":"summary_large_image","twitter_misc":{"Szacowany czas czytania":"4 minuty"},"schema":{"@context":"https:\/\/schema.org","@graph":[{"@type":"WebPage","@id":"https:\/\/sobieskivodka.com\/pl\/nasza-historia\/","url":"https:\/\/sobieskivodka.com\/pl\/nasza-historia\/","name":"Nasza Historia - Sobieski","isPartOf":{"@id":"https:\/\/sobieskivodka.com\/#website"},"datePublished":"2022-08-11T14:08:18+00:00","dateModified":"2024-01-05T23:15:00+00:00","breadcrumb":{"@id":"https:\/\/sobieskivodka.com\/pl\/nasza-historia\/#breadcrumb"},"inLanguage":"pl-PL","potentialAction":[{"@type":"ReadAction","target":["https:\/\/sobieskivodka.com\/pl\/nasza-historia\/"]}]},{"@type":"BreadcrumbList","@id":"https:\/\/sobieskivodka.com\/pl\/nasza-historia\/#breadcrumb","itemListElement":[{"@type":"ListItem","position":1,"name":"Home","item":"https:\/\/sobieskivodka.com\/pl\/"},{"@type":"ListItem","position":2,"name":"Nasza Historia"}]},{"@type":"WebSite","@id":"https:\/\/sobieskivodka.com\/#website","url":"https:\/\/sobieskivodka.com\/","name":"Sobieski","description":"","publisher":{"@id":"https:\/\/sobieskivodka.com\/#organization"},"potentialAction":[{"@type":"SearchAction","target":{"@type":"EntryPoint","urlTemplate":"https:\/\/sobieskivodka.com\/?s={search_term_string}"},"query-input":{"@type":"PropertyValueSpecification","valueRequired":true,"valueName":"search_term_string"}}],"inLanguage":"pl-PL"},{"@type":"Organization","@id":"https:\/\/sobieskivodka.com\/#organization","name":"Sobieski","url":"https:\/\/sobieskivodka.com\/","logo":{"@type":"ImageObject","inLanguage":"pl-PL","@id":"https:\/\/sobieskivodka.com\/#\/schema\/logo\/image\/","url":"https:\/\/sobieskivodka.com\/wp-content\/uploads\/2022\/04\/logo-black.svg","contentUrl":"https:\/\/sobieskivodka.com\/wp-content\/uploads\/2022\/04\/logo-black.svg","width":181,"height":70,"caption":"Sobieski"},"image":{"@id":"https:\/\/sobieskivodka.com\/#\/schema\/logo\/image\/"},"sameAs":["https:\/\/www.facebook.com\/SobieskiVodka"]}]}},"_links":{"self":[{"href":"https:\/\/sobieskivodka.com\/pl\/wp-json\/wp\/v2\/pages\/2960","targetHints":{"allow":["GET"]}}],"collection":[{"href":"https:\/\/sobieskivodka.com\/pl\/wp-json\/wp\/v2\/pages"}],"about":[{"href":"https:\/\/sobieskivodka.com\/pl\/wp-json\/wp\/v2\/types\/page"}],"author":[{"embeddable":true,"href":"https:\/\/sobieskivodka.com\/pl\/wp-json\/wp\/v2\/users\/7"}],"replies":[{"embeddable":true,"href":"https:\/\/sobieskivodka.com\/pl\/wp-json\/wp\/v2\/comments?post=2960"}],"version-history":[{"count":5,"href":"https:\/\/sobieskivodka.com\/pl\/wp-json\/wp\/v2\/pages\/2960\/revisions"}],"predecessor-version":[{"id":2965,"href":"https:\/\/sobieskivodka.com\/pl\/wp-json\/wp\/v2\/pages\/2960\/revisions\/2965"}],"wp:attachment":[{"href":"https:\/\/sobieskivodka.com\/pl\/wp-json\/wp\/v2\/media?parent=2960"}],"curies":[{"name":"wp","href":"https:\/\/api.w.org\/{rel}","templated":true}]}}